{"id":2045,"date":"2025-05-12T18:25:57","date_gmt":"2025-05-12T18:25:57","guid":{"rendered":"https:\/\/bikeroute.si\/route\/"},"modified":"2025-11-17T07:29:32","modified_gmt":"2025-11-17T07:29:32","slug":"route","status":"publish","type":"page","link":"https:\/\/bikeroute.si\/sl\/route\/","title":{"rendered":"O poti"},"content":{"rendered":"<div class=\"gb-container gb-container-9ce11129 main-container\">\n\n<div class=\"wp-block-cover is-light has-parallax\" style=\"border-radius:0px;min-height:80vh;aspect-ratio:unset;\"><div role=\"img\" aria-label=\"Panorama iz mostu na reko So\u010do.\" class=\"wp-block-cover__image-background wp-image-2250 size-full has-parallax\" style=\"background-position:50% 50%;background-image:url(https:\/\/bikeroute.si\/wp-content\/uploads\/2025\/06\/01-alpina-mediterranean-cycle-route-journey-between-cultures.jpg)\"><\/div><span aria-hidden=\"true\" class=\"wp-block-cover__background has-custom-overlay-background-color has-background-dim-20 has-background-dim\"><\/span><div class=\"wp-block-cover__inner-container has-global-padding is-layout-constrained wp-container-core-cover-is-layout-19e250f3 wp-block-cover-is-layout-constrained\">\n<div class=\"wp-block-group has-global-padding is-layout-constrained wp-container-core-group-is-layout-f5f3bcb8 wp-block-group-is-layout-constrained\">\n<h1 class=\"wp-block-heading has-text-align-center has-secondary-color has-text-color has-link-color wp-elements-e589e9799e9a3b3cc1f1cbe7a0cbeddd\"><span class=\"HwtZe\" lang=\"sl\"><span class=\"jCAhz ChMk0b\"><span class=\"ryNqvb\">Potovanje med kulturami, <\/span><\/span><\/span><br><span class=\"HwtZe\" lang=\"sl\"><span class=\"jCAhz ChMk0b\"><span class=\"ryNqvb\">kjer se gore sre\u010dajo z morjem<\/span><\/span><\/span><\/h1>\n<\/div>\n<\/div><\/div>\n\n<\/div>\n\n\n<div class=\"gb-element-f36a97a0 main-container\">\n<div class=\"wp-block-group has-global-padding is-layout-constrained wp-block-group-is-layout-constrained\">\n<div class=\"wp-block-group has-global-padding is-layout-constrained wp-block-group-is-layout-constrained\">\n<p>Za popotnike, ki resno i\u0161\u010dejo avanturo na dveh kolesih, je potovanje po Alpsko-mediteranski kolesarski poti \u2013 eni najpomembnej\u0161ih kolesarskih povezav v Evropi \u2013 nujnost.<br><br>Pot, ki se za\u010dne v provinci Udine in italijanski regiji Furlaniji -Julijska krajina, kjer se zdru\u017eita reki Fella in Tagliamento, se vije skozi Alpe v Sloveniji, preden se spusti do jadranske obale Hrva\u0161ke. To povezovanje med gorami in morjem je najbolj o\u010ditna zna\u010dilnost poti. Tisto, kar bodo kolesarji vzljubili, pa so vse mo\u017enosti, ki jih Alpsko-mediteranska kolesarska pot ponuja med njihovo epsko avanturo.<\/p>\n<\/div>\n<\/div>\n\n\n\n<div class=\"wp-block-group is-layout-flow wp-block-group-is-layout-flow\">\n<figure class=\"wp-block-image size-full is-resized desktop-only\"><img loading=\"lazy\" decoding=\"async\" width=\"1093\" height=\"632\" src=\"https:\/\/bikeroute.si\/wp-content\/uploads\/2025\/05\/route_map-1.svg\" alt=\"\" class=\"wp-image-1533\" style=\"width:1200px\"\/><\/figure>\n\n\n\n<figure class=\"wp-block-image size-full is-resized mobile-only\"><img loading=\"lazy\" decoding=\"async\" width=\"834\" height=\"631\" src=\"https:\/\/bikeroute.si\/wp-content\/uploads\/2025\/05\/mobile_map.svg\" alt=\"Zemljevid celotne trase od \u010cedada do Opatije\" class=\"wp-image-1963\" style=\"width:1200px\"\/><\/figure>\n<\/div>\n<\/div>\n\n\n\n<div class=\"gb-element-d68c934c main-container\">\n<div class=\"wp-block-group has-global-padding is-layout-constrained wp-block-group-is-layout-constrained\">\n<h3 class=\"wp-block-heading\">Splo\u0161na statistika<\/h3>\n\n\n\n<figure class=\"wp-block-table green-table\"><table style=\"border-width:1px\"><thead><tr><th class=\"has-text-align-left\" data-align=\"left\">Etapa<\/th><th class=\"has-text-align-left\" data-align=\"left\">Od<\/th><th class=\"has-text-align-left\" data-align=\"left\">Do<\/th><th class=\"has-text-align-left\" data-align=\"left\">Razdalja (km)<\/th><th class=\"has-text-align-left\" data-align=\"left\">Vzpon  (m)<\/th><th class=\"has-text-align-left\" data-align=\"left\">Utrjena (%)<\/th><th class=\"has-text-align-left\" data-align=\"left\">Neutrjena (%)<\/th><\/tr><\/thead><tbody><tr><td class=\"has-text-align-left\" data-align=\"left\">01<\/td><td class=\"has-text-align-left\" data-align=\"left\">Pu\u0161ja vas (Venezone)<\/td><td class=\"has-text-align-left\" data-align=\"left\">\u010cedad (Cividale del Friuli)<\/td><td class=\"has-text-align-left\" data-align=\"left\">55<\/td><td class=\"has-text-align-left\" data-align=\"left\">280<\/td><td class=\"has-text-align-left\" data-align=\"left\">87<\/td><td class=\"has-text-align-left\" data-align=\"left\">13<\/td><\/tr><tr><td class=\"has-text-align-left\" data-align=\"left\">02<\/td><td class=\"has-text-align-left\" data-align=\"left\">\u010cedad (Cividale del Friuli)<\/td><td class=\"has-text-align-left\" data-align=\"left\">Tolmin<\/td><td class=\"has-text-align-left\" data-align=\"left\">46<\/td><td class=\"has-text-align-left\" data-align=\"left\">560<\/td><td class=\"has-text-align-left\" data-align=\"left\">86<\/td><td class=\"has-text-align-left\" data-align=\"left\">14<\/td><\/tr><tr><td class=\"has-text-align-left\" data-align=\"left\">03<\/td><td class=\"has-text-align-left\" data-align=\"left\">Tolmin<\/td><td class=\"has-text-align-left\" data-align=\"left\">Nova Gorica<\/td><td class=\"has-text-align-left\" data-align=\"left\">41<\/td><td class=\"has-text-align-left\" data-align=\"left\">570<\/td><td class=\"has-text-align-left\" data-align=\"left\">88<\/td><td class=\"has-text-align-left\" data-align=\"left\">12<\/td><\/tr><tr><td class=\"has-text-align-left\" data-align=\"left\">04<\/td><td class=\"has-text-align-left\" data-align=\"left\">Nova Gorica<\/td><td class=\"has-text-align-left\" data-align=\"left\">Se\u017eana<\/td><td class=\"has-text-align-left\" data-align=\"left\">56<\/td><td class=\"has-text-align-left\" data-align=\"left\">830<\/td><td class=\"has-text-align-left\" data-align=\"left\">74<\/td><td class=\"has-text-align-left\" data-align=\"left\">26<\/td><\/tr><tr><td class=\"has-text-align-left\" data-align=\"left\">05<\/td><td class=\"has-text-align-left\" data-align=\"left\">Se\u017eana<\/td><td class=\"has-text-align-left\" data-align=\"left\">Ilirska Bistrica<\/td><td class=\"has-text-align-left\" data-align=\"left\">55<\/td><td class=\"has-text-align-left\" data-align=\"left\">900<\/td><td class=\"has-text-align-left\" data-align=\"left\">74<\/td><td class=\"has-text-align-left\" data-align=\"left\">26<\/td><\/tr><tr><td class=\"has-text-align-left\" data-align=\"left\">06<\/td><td class=\"has-text-align-left\" data-align=\"left\">Ilirska Bistrica<\/td><td class=\"has-text-align-left\" data-align=\"left\">Opatija<\/td><td class=\"has-text-align-left\" data-align=\"left\">46<\/td><td class=\"has-text-align-left\" data-align=\"left\">610<\/td><td class=\"has-text-align-left\" data-align=\"left\">90<\/td><td class=\"has-text-align-left\" data-align=\"left\">10<\/td><\/tr><\/tbody><\/table><\/figure>\n<\/div>\n\n\n\n<div class=\"wp-block-group has-global-padding is-layout-constrained wp-block-group-is-layout-constrained\" style=\"margin-top:0;margin-bottom:0\">\n<div class=\"wp-block-group has-global-padding is-layout-constrained wp-block-group-is-layout-constrained\">\n<p>Med temi mo\u017enostmi je tudi povezava s slavno Ciclovia Alpe-Adria Radweg (Pot Alpe do Jadrana). Alpsko-mediteranska kolesarska pot se prav tako prekriva z novo Trans Dinarica, ki popotnike vodi skozi vseh osem dr\u017eav Zahodnega Balkana: Slovenijo, Hrva\u0161ko, Bosno in Hercegovino, \u010crno Goro, Albanijo, Kosovo, Severno Makedonijo in Srbijo. Tako se vzpostavi povezava med starodavnimi kulturami, razpr\u0161enimi po tem koridorju med Srednjo in Jugovzhodno Evropo.<br><br>Alpsko-mediteranska kolesarska pot je zasnovana za kolesarje vseh sposobnosti (pot je najbolj primerna za &#8220;gravel&#8221; kolesa, ki enako enostavno obvladujejo asfaltne kot gozdne poti, prav tako pa je odli\u010dna za e-kolesa). Ponuja avanturistom, ki si \u017eelijo pristnih izku\u0161enj, edinstveno prilo\u017enost, da te regije do\u017eivijo s hitrostjo, ki jo omogo\u010da \u010dlove\u0161ka mo\u010d, ob tem pa odkrivajo lokalne tradicije \u2013 kulinari\u010dne, glasbene in zgodovinske \u2013 z namenom po\u010dasnega potovanja in poglobljenega do\u017eivljanja.<br><br>Alpsko-mediteranska kolesarska pot je zasnovana za popotni\u0161ke kolesarje vseh ravni znanja. Najprimernej\u0161a je za gravel kolesa, ki zlahka obvladujejo tako asfalt kot gozdne poti, odli\u010dna izbira pa so tudi e-kolesa. Pustolovcem, ki si \u017eelijo pristnih do\u017eivetij, omogo\u010da odkrivanje teh regij v ritmu po\u010dasnega potovanja na lastni pogon \u2013 s tem pa spoznavanje kulinari\u010dnih, glasbenih in zgodovinskih tradicij.<\/p>\n<\/div>\n<\/div>\n\n\n\n<div class=\"gb-element-054bb7f8\">\n<div class=\"gb-element-d8f5e97a\">\n<div class=\"wp-block-outermost-icon-block items-justified-center\">\r\n<div class=\"icon-container has-icon-color has-icon-background-color has-header-image-overlay-background-color has-primary-color\" style=\"background-color: transparent; color: #375741; width: 80px; transform: rotate(0deg) scaleX(1) scaleY(1);\"><\/div><br><\/div>\n\n\n\n<h3 class=\"wp-block-heading has-text-align-center has-primary-color has-text-color has-link-color wp-elements-6050c76d0f0aebb1b28b5a445514d924\" style=\"margin-top:var(--wp--preset--spacing--xx-small);margin-right:0;margin-bottom:var(--wp--preset--spacing--xx-small);margin-left:0\">6<\/h3>\n\n\n\n<p class=\"has-text-align-center has-primary-color has-text-color has-link-color has-large-font-size wp-elements-8f9f706cffc137133d5e1db78897847d\" style=\"margin-top:0;margin-right:0;margin-bottom:0;margin-left:0;text-transform:uppercase\">ETAPE<\/p>\n<\/div>\n\n\n\n<div>\n<div class=\"wp-block-outermost-icon-block items-justified-center\">\r\n<div class=\"icon-container has-icon-color has-icon-background-color has-header-image-overlay-background-color has-primary-color\" style=\"background-color: transparent; color: #375741; width: 80px; transform: rotate(0deg) scaleX(1) scaleY(1);\">\r\n\r\n&nbsp;\r\n\r\n<style type=\"text\/css\">\r\n\t.st0{display:none;}<br \/>\r\n\t.st1{display:inline;}<br \/>\r\n\t.st2{clip-path:url(#SVGID_00000080207076391875512110000002403333536843216048_);}<br \/>\r\n\t.st4{display:inline;fill-rule:evenodd;clip-rule:evenodd;}<br \/>\r\n\t.st5{fill-rule:evenodd;clip-rule:evenodd;}<br \/>\r\n<\/style>&nbsp;\r\n\r\n<\/div><br><\/div>\n\n\n\n<h3 class=\"wp-block-heading has-text-align-center has-primary-color has-text-color has-link-color wp-elements-46d2bf2afd142d77e9e78f80f0d9fc32\" style=\"margin-top:var(--wp--preset--spacing--xx-small);margin-right:0;margin-bottom:var(--wp--preset--spacing--xx-small);margin-left:0\">299 km<\/h3>\n\n\n\n<p class=\"has-text-align-center has-primary-color has-text-color has-link-color has-large-font-size wp-elements-63fa93b6c03e4286a4e43b32aa58011c\" style=\"margin-top:0;margin-right:0;margin-bottom:0;margin-left:0;text-transform:uppercase\">RAZDALJE<\/p>\n<\/div>\n\n\n\n<div>\n<div class=\"wp-block-outermost-icon-block items-justified-center\">\r\n<div class=\"icon-container has-icon-color has-primary-color\" style=\"color: #375741; width: 80px; transform: rotate(0deg) scaleX(1) scaleY(1);\">\r\n\r\n&nbsp;\r\n\r\n<style type=\"text\/css\">\r\n\t.st0{display:none;}<br \/>\r\n\t.st1{display:inline;}<br \/>\r\n\t.st2{clip-path:url(#SVGID_00000083800209918284082010000003420240369119698098_);}<br \/>\r\n\t.st4{display:inline;fill-rule:evenodd;clip-rule:evenodd;}<br \/>\r\n\t.st5{fill-rule:evenodd;clip-rule:evenodd;}<br \/>\r\n<\/style>&nbsp;\r\n\r\n<\/div><br><\/div>\n\n\n\n<h3 class=\"wp-block-heading has-text-align-center has-primary-color has-text-color has-link-color wp-elements-92dee0f1e1764b37e5657f7156727c69\" style=\"margin-top:var(--wp--preset--spacing--xx-small);margin-right:0;margin-bottom:var(--wp--preset--spacing--xx-small);margin-left:0\">3.750 m<\/h3>\n\n\n\n<p class=\"has-text-align-center has-primary-color has-text-color has-link-color has-large-font-size wp-elements-727595b79261d92158d8b2a7fcddbc4b\" style=\"margin-top:0;margin-right:0;margin-bottom:0;margin-left:0;text-transform:uppercase\">VZPON<\/p>\n<\/div>\n\n\n\n<div>\n<div class=\"wp-block-outermost-icon-block items-justified-center\">\r\n<div class=\"icon-container has-icon-color has-primary-color\" style=\"color: #375741; width: 80px; transform: rotate(0deg) scaleX(1) scaleY(1);\">\r\n\r\n&nbsp;\r\n\r\n<style type=\"text\/css\">\r\n\t.st0{display:none;}<br \/>\r\n\t.st1{display:inline;}<br \/>\r\n\t.st2{clip-path:url(#SVGID_00000168103815585498383070000014642230357607890336_);}<br \/>\r\n\t.st4{fill-rule:evenodd;clip-rule:evenodd;}<br \/>\r\n<\/style>&nbsp;\r\n\r\n<\/div><br><\/div>\n\n\n\n<h3 class=\"wp-block-heading has-text-align-center has-primary-color has-text-color has-link-color wp-elements-f0c55298e978b478338dd5a261bf8d7c\" style=\"margin-top:var(--wp--preset--spacing--xx-small);margin-right:0;margin-bottom:var(--wp--preset--spacing--xx-small);margin-left:0\">83 %<\/h3>\n\n\n\n<p class=\"has-text-align-center has-primary-color has-text-color has-link-color has-large-font-size wp-elements-2df70ec0ecb77deaecf911d3056d0f90\" style=\"margin-top:0;margin-right:0;margin-bottom:0;margin-left:0;text-transform:uppercase\">UTRJENA<\/p>\n<\/div>\n\n\n\n<div>\n<div class=\"wp-block-outermost-icon-block items-justified-center\">\r\n<div class=\"icon-container has-icon-color has-primary-color\" style=\"color: #375741; width: 80px; transform: rotate(0deg) scaleX(1) scaleY(1);\">\r\n\r\n&nbsp;\r\n\r\n<style type=\"text\/css\">\r\n\t.st0{display:none;}<br \/>\r\n\t.st1{display:inline;}<br \/>\r\n\t.st2{clip-path:url(#SVGID_00000144338177230497135900000008211558394878189455_);}<br \/>\r\n\t.st4{display:inline;fill-rule:evenodd;clip-rule:evenodd;}<br \/>\r\n\t.st5{fill-rule:evenodd;clip-rule:evenodd;}<br \/>\r\n<\/style>&nbsp;\r\n\r\n<\/div><br><\/div>\n\n\n\n<h3 class=\"wp-block-heading has-text-align-center has-primary-color has-text-color has-link-color wp-elements-b3fe7c72b56aecfe8364616757fdf00a\" style=\"margin-top:var(--wp--preset--spacing--xx-small);margin-right:0;margin-bottom:var(--wp--preset--spacing--xx-small);margin-left:0\">17 %<\/h3>\n\n\n\n<p class=\"has-text-align-center has-primary-color has-text-color has-link-color has-large-font-size wp-elements-e432e85062cc1f8d98a8dd8d75180813\" style=\"margin-top:0;margin-right:0;margin-bottom:0;margin-left:0;text-transform:uppercase\">NEUTRJENA<\/p>\n<\/div>\n<\/div>\n\n\n\n<div class=\"wp-block-group has-global-padding is-layout-constrained wp-block-group-is-layout-constrained\">\n<figure class=\"wp-block-image aligncenter size-full\"><img loading=\"lazy\" decoding=\"async\" width=\"1920\" height=\"1280\" src=\"https:\/\/bikeroute.si\/wp-content\/uploads\/2025\/06\/02-alpina-mediterranean-cycle-route-local-cuisine-karst-gulic.jpg\" alt=\"Trije kolesarji za mizo na doma\u010diji v Rodku. Lastnica jim je postregla z narezkom.\" class=\"wp-image-2254\" srcset=\"https:\/\/bikeroute.si\/wp-content\/uploads\/2025\/06\/02-alpina-mediterranean-cycle-route-local-cuisine-karst-gulic.jpg 1920w, https:\/\/bikeroute.si\/wp-content\/uploads\/2025\/06\/02-alpina-mediterranean-cycle-route-local-cuisine-karst-gulic-300x200.jpg 300w, https:\/\/bikeroute.si\/wp-content\/uploads\/2025\/06\/02-alpina-mediterranean-cycle-route-local-cuisine-karst-gulic-1024x683.jpg 1024w, https:\/\/bikeroute.si\/wp-content\/uploads\/2025\/06\/02-alpina-mediterranean-cycle-route-local-cuisine-karst-gulic-768x512.jpg 768w, https:\/\/bikeroute.si\/wp-content\/uploads\/2025\/06\/02-alpina-mediterranean-cycle-route-local-cuisine-karst-gulic-1536x1024.jpg 1536w\" sizes=\"auto, (max-width: 1920px) 100vw, 1920px\" \/><\/figure>\n<\/div>\n\n\n\n<div class=\"wp-block-group has-global-padding is-layout-constrained wp-block-group-is-layout-constrained\">\n<p>Alpsko-mediteranska kolesarska pot zdru\u017euje mirne asfaltne ceste, makadamske in gozdne poti. Popolna je za aktivne popotnike, ki se \u017eelijo \u010dez dan podati v raziskovanje novih krajev na dveh kolesih&#8230; in vsako no\u010d u\u017eivati v lokalni kuhinji, vinu in edinstveni dedi\u0161\u010dini. Pot omogo\u010da lokalnim turisti\u010dnim operaterjem razvoj tur in idej okoli te epske povezave med kulturami, kar spodbuja popotnike, da na odgovoren in trajnosten na\u010din do\u017eivijo eno najbolj\u0161ih kolesarskih regij na svetu.<\/p>\n<\/div>\n<\/div>\n\n\n\n<div class=\"main-container\">\n<div class=\"wp-block-group has-global-padding is-layout-constrained wp-block-group-is-layout-constrained\">\n<h3 class=\"wp-block-heading\">Zemljevid Alpsko-mediteranske kolesarske poti <\/h3>\n\n\n\n<div class=\"wp-block-group map has-global-padding is-layout-constrained wp-container-core-group-is-layout-7d0d3654 wp-block-group-is-layout-constrained\">\n<iframe src=\"https:\/\/ridewithgps.com\/embeds?type=region&#038;id=499157&#038;zoomLimit=11&#038;scrollWheelZoom=true\" style=\"width: 1px; min-width: 100%; height: 700px; border: none;\" scrolling=\"no\"><\/iframe><br\/>\n<\/div>\n<\/div>\n<\/div>\n\n\n\n<div class=\"main-container no-end-spacing\">\n<div class=\"wp-block-cover\" style=\"min-height:650px;aspect-ratio:unset;\"><img loading=\"lazy\" decoding=\"async\" width=\"1920\" height=\"1280\" class=\"wp-block-cover__image-background wp-image-2160 size-full\" alt=\"Mo\u0161ki in \u017eenska kolesarita po makadanski poti\" src=\"https:\/\/bikeroute.si\/wp-content\/uploads\/2025\/06\/01-alpina-mediterranean-cycle-route-d7-karst-cycling-slovenia-matevz-hribar.jpg\" data-object-fit=\"cover\" srcset=\"https:\/\/bikeroute.si\/wp-content\/uploads\/2025\/06\/01-alpina-mediterranean-cycle-route-d7-karst-cycling-slovenia-matevz-hribar.jpg 1920w, https:\/\/bikeroute.si\/wp-content\/uploads\/2025\/06\/01-alpina-mediterranean-cycle-route-d7-karst-cycling-slovenia-matevz-hribar-300x200.jpg 300w, https:\/\/bikeroute.si\/wp-content\/uploads\/2025\/06\/01-alpina-mediterranean-cycle-route-d7-karst-cycling-slovenia-matevz-hribar-1024x683.jpg 1024w, https:\/\/bikeroute.si\/wp-content\/uploads\/2025\/06\/01-alpina-mediterranean-cycle-route-d7-karst-cycling-slovenia-matevz-hribar-768x512.jpg 768w, https:\/\/bikeroute.si\/wp-content\/uploads\/2025\/06\/01-alpina-mediterranean-cycle-route-d7-karst-cycling-slovenia-matevz-hribar-1536x1024.jpg 1536w\" sizes=\"auto, (max-width: 1920px) 100vw, 1920px\" \/><span aria-hidden=\"true\" class=\"wp-block-cover__background has-black-background-color has-background-dim-30 has-background-dim\"><\/span><div class=\"wp-block-cover__inner-container has-global-padding is-layout-constrained wp-container-core-cover-is-layout-f5f3bcb8 wp-block-cover-is-layout-constrained\">\n<h2 class=\"wp-block-heading has-text-align-center has-secondary-color has-text-color has-link-color has-xxx-large-font-size wp-elements-21e69fe5c425e0bd970939599dcb1727\">Ste pripravljeni na pot?<br>Pridobite navigacijski paket.<\/h2>\n\n\n\n<div class=\"wp-block-buttons is-content-justification-center is-layout-flex wp-container-core-buttons-is-layout-a89b3969 wp-block-buttons-is-layout-flex\">\n<div class=\"wp-block-button is-style-outline is-style-outline--1\"><a class=\"wp-block-button__link has-secondary-color has-text-color has-link-color wp-element-button\" href=\"https:\/\/bikeroute.si\/sl\/registration\/\">Navigacijski paket<\/a><\/div>\n<\/div>\n<\/div><\/div>\n<\/div>\n\n\n\n<p><\/p>\n","protected":false},"excerpt":{"rendered":"<p>Za popotnike, ki resno i\u0161\u010dejo avanturo na dveh kolesih, je potovanje po Alpsko-mediteranski kolesarski poti \u2013 eni najpomembnej\u0161ih kolesarskih povezav v Evropi \u2013 nujnost. Pot, [&hellip;]<\/p>\n","protected":false},"author":1,"featured_media":0,"parent":0,"menu_order":0,"comment_status":"closed","ping_status":"closed","template":"","meta":{"_eb_attr":"","inline_featured_image":false,"footnotes":""},"class_list":["post-2045","page","type-page","status-publish","hentry"],"yoast_head":"<!-- This site is optimized with the Yoast SEO plugin v25.5 - https:\/\/yoast.com\/wordpress\/plugins\/seo\/ -->\n<title>O poti - Alpina Mediterranean Cycle Route<\/title>\n<meta name=\"description\" content=\"Alpina Mediterranean Cycle Route -\" \/>\n<meta name=\"robots\" content=\"index, follow, max-snippet:-1, max-image-preview:large, max-video-preview:-1\" \/>\n<link rel=\"canonical\" href=\"https:\/\/bikeroute.si\/sl\/route\/\" \/>\n<meta property=\"og:locale\" content=\"sl_SI\" \/>\n<meta property=\"og:type\" content=\"article\" \/>\n<meta property=\"og:title\" content=\"O poti - Alpina Mediterranean Cycle Route\" \/>\n<meta property=\"og:description\" content=\"Alpina Mediterranean Cycle Route -\" \/>\n<meta property=\"og:url\" content=\"https:\/\/bikeroute.si\/sl\/route\/\" \/>\n<meta property=\"og:site_name\" content=\"Alpina Mediterranean Cycle Route\" \/>\n<meta property=\"article:modified_time\" content=\"2025-11-17T07:29:32+00:00\" \/>\n<meta property=\"og:image\" content=\"https:\/\/bikeroute.si\/wp-content\/uploads\/2025\/04\/alpina-mediterranean-cycle-route-autumn-kobarid_matevz-hribar-\u2013-kopija.jpg\" \/>\n\t<meta property=\"og:image:width\" content=\"1920\" \/>\n\t<meta property=\"og:image:height\" content=\"1280\" \/>\n\t<meta property=\"og:image:type\" content=\"image\/jpeg\" \/>\n<meta name=\"twitter:card\" content=\"summary_large_image\" \/>\n<meta name=\"twitter:label1\" content=\"Est. reading time\" \/>\n\t<meta name=\"twitter:data1\" content=\"3 minute\" \/>\n<script type=\"application\/ld+json\" class=\"yoast-schema-graph\">{\"@context\":\"https:\/\/schema.org\",\"@graph\":[{\"@type\":\"WebPage\",\"@id\":\"https:\/\/bikeroute.si\/sl\/route\/\",\"url\":\"https:\/\/bikeroute.si\/sl\/route\/\",\"name\":\"O poti - Alpina Mediterranean Cycle Route\",\"isPartOf\":{\"@id\":\"https:\/\/bikeroute.si\/#website\"},\"primaryImageOfPage\":{\"@id\":\"https:\/\/bikeroute.si\/sl\/route\/#primaryimage\"},\"image\":{\"@id\":\"https:\/\/bikeroute.si\/sl\/route\/#primaryimage\"},\"thumbnailUrl\":\"https:\/\/bikeroute.si\/wp-content\/uploads\/2025\/05\/route_map-1.svg\",\"datePublished\":\"2025-05-12T18:25:57+00:00\",\"dateModified\":\"2025-11-17T07:29:32+00:00\",\"description\":\"Alpina Mediterranean Cycle Route -\",\"breadcrumb\":{\"@id\":\"https:\/\/bikeroute.si\/sl\/route\/#breadcrumb\"},\"inLanguage\":\"sl-SI\",\"potentialAction\":[{\"@type\":\"ReadAction\",\"target\":[\"https:\/\/bikeroute.si\/sl\/route\/\"]}]},{\"@type\":\"ImageObject\",\"inLanguage\":\"sl-SI\",\"@id\":\"https:\/\/bikeroute.si\/sl\/route\/#primaryimage\",\"url\":\"https:\/\/bikeroute.si\/wp-content\/uploads\/2025\/05\/route_map-1.svg\",\"contentUrl\":\"https:\/\/bikeroute.si\/wp-content\/uploads\/2025\/05\/route_map-1.svg\"},{\"@type\":\"BreadcrumbList\",\"@id\":\"https:\/\/bikeroute.si\/sl\/route\/#breadcrumb\",\"itemListElement\":[{\"@type\":\"ListItem\",\"position\":1,\"name\":\"Home\",\"item\":\"https:\/\/bikeroute.si\/sl\/\"},{\"@type\":\"ListItem\",\"position\":2,\"name\":\"O poti\"}]},{\"@type\":\"WebSite\",\"@id\":\"https:\/\/bikeroute.si\/#website\",\"url\":\"https:\/\/bikeroute.si\/\",\"name\":\"Alpina Mediterranean Cycle Route\",\"description\":\"A connection between cultures and adventure\",\"potentialAction\":[{\"@type\":\"SearchAction\",\"target\":{\"@type\":\"EntryPoint\",\"urlTemplate\":\"https:\/\/bikeroute.si\/?s={search_term_string}\"},\"query-input\":{\"@type\":\"PropertyValueSpecification\",\"valueRequired\":true,\"valueName\":\"search_term_string\"}}],\"inLanguage\":\"sl-SI\"}]}<\/script>\n<!-- \/ Yoast SEO plugin. -->","yoast_head_json":{"title":"O poti - Alpina Mediterranean Cycle Route","description":"Alpina Mediterranean Cycle Route -","robots":{"index":"index","follow":"follow","max-snippet":"max-snippet:-1","max-image-preview":"max-image-preview:large","max-video-preview":"max-video-preview:-1"},"canonical":"https:\/\/bikeroute.si\/sl\/route\/","og_locale":"sl_SI","og_type":"article","og_title":"O poti - Alpina Mediterranean Cycle Route","og_description":"Alpina Mediterranean Cycle Route -","og_url":"https:\/\/bikeroute.si\/sl\/route\/","og_site_name":"Alpina Mediterranean Cycle Route","article_modified_time":"2025-11-17T07:29:32+00:00","og_image":[{"width":1920,"height":1280,"url":"https:\/\/bikeroute.si\/wp-content\/uploads\/2025\/04\/alpina-mediterranean-cycle-route-autumn-kobarid_matevz-hribar-\u2013-kopija.jpg","type":"image\/jpeg"}],"twitter_card":"summary_large_image","twitter_misc":{"Est. reading time":"3 minute"},"schema":{"@context":"https:\/\/schema.org","@graph":[{"@type":"WebPage","@id":"https:\/\/bikeroute.si\/sl\/route\/","url":"https:\/\/bikeroute.si\/sl\/route\/","name":"O poti - Alpina Mediterranean Cycle Route","isPartOf":{"@id":"https:\/\/bikeroute.si\/#website"},"primaryImageOfPage":{"@id":"https:\/\/bikeroute.si\/sl\/route\/#primaryimage"},"image":{"@id":"https:\/\/bikeroute.si\/sl\/route\/#primaryimage"},"thumbnailUrl":"https:\/\/bikeroute.si\/wp-content\/uploads\/2025\/05\/route_map-1.svg","datePublished":"2025-05-12T18:25:57+00:00","dateModified":"2025-11-17T07:29:32+00:00","description":"Alpina Mediterranean Cycle Route -","breadcrumb":{"@id":"https:\/\/bikeroute.si\/sl\/route\/#breadcrumb"},"inLanguage":"sl-SI","potentialAction":[{"@type":"ReadAction","target":["https:\/\/bikeroute.si\/sl\/route\/"]}]},{"@type":"ImageObject","inLanguage":"sl-SI","@id":"https:\/\/bikeroute.si\/sl\/route\/#primaryimage","url":"https:\/\/bikeroute.si\/wp-content\/uploads\/2025\/05\/route_map-1.svg","contentUrl":"https:\/\/bikeroute.si\/wp-content\/uploads\/2025\/05\/route_map-1.svg"},{"@type":"BreadcrumbList","@id":"https:\/\/bikeroute.si\/sl\/route\/#breadcrumb","itemListElement":[{"@type":"ListItem","position":1,"name":"Home","item":"https:\/\/bikeroute.si\/sl\/"},{"@type":"ListItem","position":2,"name":"O poti"}]},{"@type":"WebSite","@id":"https:\/\/bikeroute.si\/#website","url":"https:\/\/bikeroute.si\/","name":"Alpina Mediterranean Cycle Route","description":"A connection between cultures and adventure","potentialAction":[{"@type":"SearchAction","target":{"@type":"EntryPoint","urlTemplate":"https:\/\/bikeroute.si\/?s={search_term_string}"},"query-input":{"@type":"PropertyValueSpecification","valueRequired":true,"valueName":"search_term_string"}}],"inLanguage":"sl-SI"}]}},"_links":{"self":[{"href":"https:\/\/bikeroute.si\/sl\/wp-json\/wp\/v2\/pages\/2045","targetHints":{"allow":["GET"]}}],"collection":[{"href":"https:\/\/bikeroute.si\/sl\/wp-json\/wp\/v2\/pages"}],"about":[{"href":"https:\/\/bikeroute.si\/sl\/wp-json\/wp\/v2\/types\/page"}],"author":[{"embeddable":true,"href":"https:\/\/bikeroute.si\/sl\/wp-json\/wp\/v2\/users\/1"}],"replies":[{"embeddable":true,"href":"https:\/\/bikeroute.si\/sl\/wp-json\/wp\/v2\/comments?post=2045"}],"version-history":[{"count":12,"href":"https:\/\/bikeroute.si\/sl\/wp-json\/wp\/v2\/pages\/2045\/revisions"}],"predecessor-version":[{"id":3079,"href":"https:\/\/bikeroute.si\/sl\/wp-json\/wp\/v2\/pages\/2045\/revisions\/3079"}],"wp:attachment":[{"href":"https:\/\/bikeroute.si\/sl\/wp-json\/wp\/v2\/media?parent=2045"}],"curies":[{"name":"wp","href":"https:\/\/api.w.org\/{rel}","templated":true}]}}