{"id":2033,"date":"2025-05-19T17:09:43","date_gmt":"2025-05-19T17:09:43","guid":{"rendered":"https:\/\/bikeroute.si\/about-project\/"},"modified":"2025-11-18T07:31:08","modified_gmt":"2025-11-18T07:31:08","slug":"about-project","status":"publish","type":"page","link":"https:\/\/bikeroute.si\/sl\/about-project\/","title":{"rendered":"O projektu"},"content":{"rendered":"<div class=\"gb-container gb-container-9ce11129 main-container\">\n\n<div class=\"wp-block-cover has-parallax is-repeated\" style=\"border-radius:0px;min-height:80vh;aspect-ratio:unset;\"><div class=\"wp-block-cover__image-background wp-image-2304 size-full has-parallax is-repeated\" style=\"background-position:50% 50%;background-image:url(https:\/\/bikeroute.si\/wp-content\/uploads\/2025\/06\/01-alpina-mediterranean-cycle-route-about-the-project-cycling-path.jpg)\"><\/div><span aria-hidden=\"true\" class=\"wp-block-cover__background has-black-background-color has-background-dim-20 has-background-dim\"><\/span><div class=\"wp-block-cover__inner-container has-global-padding is-layout-constrained wp-container-core-cover-is-layout-19e250f3 wp-block-cover-is-layout-constrained\">\n<div class=\"wp-block-group has-global-padding is-layout-constrained wp-container-core-group-is-layout-f5f3bcb8 wp-block-group-is-layout-constrained\">\n<h1 class=\"wp-block-heading has-text-align-center has-secondary-color has-text-color has-link-color wp-elements-2a47cfefe56e187a7025b7ae197f8a6e\">O projektu<\/h1>\n<\/div>\n<\/div><\/div>\n\n<\/div>\n\n\n<div class=\"main-container\">\n<div class=\"wp-block-group has-global-padding is-layout-constrained wp-container-core-group-is-layout-976ee8a1 wp-block-group-is-layout-constrained\">\n<p>Ta spletna stran in kolesarski produkt Alpina Mediterranean sta bila oblikovana v okviru projekta Inter Bike III \u2013 Navezave zalednih kolesarskih povezav na poti Adriabike in Adrioncycletour, ki ga sofinacira Evropska unija v okviru \u010dezmejnega programa Interreg VI-A Italija-Slovenija 2021-2027. Rezultatov projekta, namenjenih kolesarjem, je \u0161e ve\u010d. Poleti 2025 se lahko peljete s poskusnima avtobusnima linijama za kolesarje med Ajdov\u0161\u010dino in \u010cedadom ter Vipavsko dolino in Predmejo, na italijanski strani v Vzhodnem Venetu pa po Laguni Caorle in reki Lemene z dvema novima ladijskima linijama. Vabljeni tudi, da prekolesarite tritedensko traso Adriabike od Kranjske Gore do Ravenne, ki je bila vzpostavljena v okviru prej\u0161njih dveh projektov Inter Bike in Inter Bike II. Spletna stran projekta: <a href=\"https:\/\/www.ita-slo.eu\/sl\/inter-bike-iii\">INTER BIKE III | Italija-Slovenija<\/a><\/p>\n\n\n\n<h2 class=\"wp-block-heading has-text-align-left\">Pot z namenom<\/h2>\n\n\n\n<p class=\"has-text-align-left\">Od samega za\u010detka je bilo ekipi <a href=\"https:\/\/www.goodtrail.si\/sl\/\">Goodtrail<\/a> \u2013 snovalcem Alpse-mediteranske kolesarske poti jasno, da ta pot ne sme biti le \u010drta na zemljevidu. Postati mora odsev \u017eelje ljudi, da Italijo, Slovenijo in Hrva\u0161ko raziskujejo na dveh kolesih \u2013 bolj zavestno, po\u010dasneje in v tesnem stiku z naravo, ljudmi, kraji in kulturami. Pot je zasnovana za vse vrste kolesarjev, zato je idealna za \u201cgravel\u201d in elektri\u010dna kolesa.<br>Alpsko-mediteranska kolesarska pot je obenem kulturni koridor, saj zdru\u017euje asfalt, makadam in gozdne stezice v avtenti\u010dno izku\u0161njo.<\/p>\n\n\n\n<h3 class=\"wp-block-heading has-text-align-left\">Kulturna do\u017eivetja na dveh kolesih<\/h3>\n\n\n\n<p class=\"has-text-align-left\">Alpsko-mediteranska kolesarska pot vabi aktivne popotnike, da \u010dez dan raziskujejo to raznoliko regijo, medtem pa zve\u010der u\u017eivajo tudi v njeni bogati kulinari\u010dni in kulturni dedi\u0161\u010dini. Hkrati spodbuja lokalne turisti\u010dne ponudnike k razvoju edinstvenih, zasnovanih do\u017eivetij, ki podpirajo odgovornej\u0161o in trajnostno obliko turizma. Prava trajnost namre\u010d pomeni, da ima vsaka skupnost ob poti svoj glas in posledi\u010dno tudi svoje mesto za mizo.<\/p>\n\n\n\n<h3 class=\"wp-block-heading has-text-align-left\">Pridru\u017ei se potovanju<\/h3>\n\n\n\n<p class=\"has-text-align-left\">Veselimo se sre\u010danja z vami na poti in v sedlu kolesa na Alpsko-mediteranski kolesarski poti.<\/p>\n<\/div>\n\n\n\n<div class=\"wp-block-group has-global-padding is-layout-constrained wp-container-core-group-is-layout-73405a87 wp-block-group-is-layout-constrained\">\n<figure class=\"wp-block-image size-full\"><img loading=\"lazy\" decoding=\"async\" width=\"1920\" height=\"1280\" src=\"https:\/\/bikeroute.si\/wp-content\/uploads\/2025\/06\/02-alpina-mediterranean-cycle-route-about-the-project-local-cuisine.jpg\" alt=\"\" class=\"wp-image-2301\" srcset=\"https:\/\/bikeroute.si\/wp-content\/uploads\/2025\/06\/02-alpina-mediterranean-cycle-route-about-the-project-local-cuisine.jpg 1920w, https:\/\/bikeroute.si\/wp-content\/uploads\/2025\/06\/02-alpina-mediterranean-cycle-route-about-the-project-local-cuisine-300x200.jpg 300w, https:\/\/bikeroute.si\/wp-content\/uploads\/2025\/06\/02-alpina-mediterranean-cycle-route-about-the-project-local-cuisine-1024x683.jpg 1024w, https:\/\/bikeroute.si\/wp-content\/uploads\/2025\/06\/02-alpina-mediterranean-cycle-route-about-the-project-local-cuisine-768x512.jpg 768w, https:\/\/bikeroute.si\/wp-content\/uploads\/2025\/06\/02-alpina-mediterranean-cycle-route-about-the-project-local-cuisine-1536x1024.jpg 1536w\" sizes=\"auto, (max-width: 1920px) 100vw, 1920px\" \/><\/figure>\n<\/div>\n\n\n\n<div class=\"wp-block-group has-global-padding is-layout-constrained wp-container-core-group-is-layout-976ee8a1 wp-block-group-is-layout-constrained\">\n<p class=\"has-text-align-left\"><\/p>\n<\/div>\n<\/div>\n\n\n\n<div class=\"main-container no-end-spacing\">\n<div class=\"wp-block-cover\" style=\"min-height:650px;aspect-ratio:unset;\"><img loading=\"lazy\" decoding=\"async\" width=\"1920\" height=\"1280\" class=\"wp-block-cover__image-background wp-image-2264 size-full\" alt=\"\" src=\"https:\/\/bikeroute.si\/wp-content\/uploads\/2025\/06\/01-alpina-mediterranean-cycle-route-stages.jpg\" data-object-fit=\"cover\" srcset=\"https:\/\/bikeroute.si\/wp-content\/uploads\/2025\/06\/01-alpina-mediterranean-cycle-route-stages.jpg 1920w, https:\/\/bikeroute.si\/wp-content\/uploads\/2025\/06\/01-alpina-mediterranean-cycle-route-stages-300x200.jpg 300w, https:\/\/bikeroute.si\/wp-content\/uploads\/2025\/06\/01-alpina-mediterranean-cycle-route-stages-1024x683.jpg 1024w, https:\/\/bikeroute.si\/wp-content\/uploads\/2025\/06\/01-alpina-mediterranean-cycle-route-stages-768x512.jpg 768w, https:\/\/bikeroute.si\/wp-content\/uploads\/2025\/06\/01-alpina-mediterranean-cycle-route-stages-1536x1024.jpg 1536w\" sizes=\"auto, (max-width: 1920px) 100vw, 1920px\" \/><span aria-hidden=\"true\" class=\"wp-block-cover__background has-black-background-color has-background-dim-30 has-background-dim\"><\/span><div class=\"wp-block-cover__inner-container has-global-padding is-layout-constrained wp-container-core-cover-is-layout-f5f3bcb8 wp-block-cover-is-layout-constrained\">\n<h2 class=\"wp-block-heading has-text-align-center has-secondary-color has-text-color has-link-color has-xxx-large-font-size wp-elements-a69167fab5922be27141554874cc795b\">Si pripravljen na pot?<br data-start=\"22\" data-end=\"25\">Pridobi navigacijski paket.<\/h2>\n\n\n\n<div class=\"wp-block-buttons is-content-justification-center is-layout-flex wp-container-core-buttons-is-layout-a89b3969 wp-block-buttons-is-layout-flex\">\n<div class=\"wp-block-button is-style-outline is-style-outline--1\"><a class=\"wp-block-button__link has-secondary-color has-text-color has-link-color wp-element-button\" href=\"https:\/\/bikeroute.si\/sl\/registration\/\">Navigacijski paket<\/a><\/div>\n<\/div>\n<\/div><\/div>\n<\/div>\n\n\n\n<p><\/p>\n","protected":false},"excerpt":{"rendered":"<p>Ta spletna stran in kolesarski produkt Alpina Mediterranean sta bila oblikovana v okviru projekta Inter Bike III \u2013 Navezave zalednih kolesarskih povezav na poti Adriabike [&hellip;]<\/p>\n","protected":false},"author":1,"featured_media":0,"parent":0,"menu_order":0,"comment_status":"closed","ping_status":"closed","template":"","meta":{"_eb_attr":"","inline_featured_image":false,"footnotes":""},"class_list":["post-2033","page","type-page","status-publish","hentry"],"yoast_head":"<!-- This site is optimized with the Yoast SEO plugin v25.5 - https:\/\/yoast.com\/wordpress\/plugins\/seo\/ -->\n<title>O projektu - Alpina Mediterranean Cycle Route<\/title>\n<meta name=\"description\" content=\"kolesarska pot ponuja pristno do\u017eivetje med Italijo, Slovenijo in Hrva\u0161ko: narava, kultura, kulinarika in trajnostna kolesarska avantura.\" \/>\n<meta name=\"robots\" content=\"index, follow, max-snippet:-1, max-image-preview:large, max-video-preview:-1\" \/>\n<link rel=\"canonical\" href=\"https:\/\/bikeroute.si\/sl\/about-project\/\" \/>\n<meta property=\"og:locale\" content=\"sl_SI\" \/>\n<meta property=\"og:type\" content=\"article\" \/>\n<meta property=\"og:title\" content=\"O projektu - Alpina Mediterranean Cycle Route\" \/>\n<meta property=\"og:description\" content=\"kolesarska pot ponuja pristno do\u017eivetje med Italijo, Slovenijo in Hrva\u0161ko: narava, kultura, kulinarika in trajnostna kolesarska avantura.\" \/>\n<meta property=\"og:url\" content=\"https:\/\/bikeroute.si\/sl\/about-project\/\" \/>\n<meta property=\"og:site_name\" content=\"Alpina Mediterranean Cycle Route\" \/>\n<meta property=\"article:modified_time\" content=\"2025-11-18T07:31:08+00:00\" \/>\n<meta property=\"og:image\" content=\"https:\/\/bikeroute.si\/wp-content\/uploads\/2025\/06\/02-alpina-mediterranean-cycle-route-about-the-project-local-cuisine.jpg\" \/>\n\t<meta property=\"og:image:width\" content=\"1920\" \/>\n\t<meta property=\"og:image:height\" content=\"1280\" \/>\n\t<meta property=\"og:image:type\" content=\"image\/jpeg\" \/>\n<meta name=\"twitter:card\" content=\"summary_large_image\" \/>\n<meta name=\"twitter:label1\" content=\"Est. reading time\" \/>\n\t<meta name=\"twitter:data1\" content=\"2 minuti\" \/>\n<script type=\"application\/ld+json\" class=\"yoast-schema-graph\">{\"@context\":\"https:\/\/schema.org\",\"@graph\":[{\"@type\":\"WebPage\",\"@id\":\"https:\/\/bikeroute.si\/sl\/about-project\/\",\"url\":\"https:\/\/bikeroute.si\/sl\/about-project\/\",\"name\":\"O projektu - Alpina Mediterranean Cycle Route\",\"isPartOf\":{\"@id\":\"https:\/\/bikeroute.si\/#website\"},\"primaryImageOfPage\":{\"@id\":\"https:\/\/bikeroute.si\/sl\/about-project\/#primaryimage\"},\"image\":{\"@id\":\"https:\/\/bikeroute.si\/sl\/about-project\/#primaryimage\"},\"thumbnailUrl\":\"https:\/\/bikeroute.si\/wp-content\/uploads\/2025\/06\/02-alpina-mediterranean-cycle-route-about-the-project-local-cuisine.jpg\",\"datePublished\":\"2025-05-19T17:09:43+00:00\",\"dateModified\":\"2025-11-18T07:31:08+00:00\",\"description\":\"kolesarska pot ponuja pristno do\u017eivetje med Italijo, Slovenijo in Hrva\u0161ko: narava, kultura, kulinarika in trajnostna kolesarska avantura.\",\"breadcrumb\":{\"@id\":\"https:\/\/bikeroute.si\/sl\/about-project\/#breadcrumb\"},\"inLanguage\":\"sl-SI\",\"potentialAction\":[{\"@type\":\"ReadAction\",\"target\":[\"https:\/\/bikeroute.si\/sl\/about-project\/\"]}]},{\"@type\":\"ImageObject\",\"inLanguage\":\"sl-SI\",\"@id\":\"https:\/\/bikeroute.si\/sl\/about-project\/#primaryimage\",\"url\":\"https:\/\/bikeroute.si\/wp-content\/uploads\/2025\/06\/02-alpina-mediterranean-cycle-route-about-the-project-local-cuisine.jpg\",\"contentUrl\":\"https:\/\/bikeroute.si\/wp-content\/uploads\/2025\/06\/02-alpina-mediterranean-cycle-route-about-the-project-local-cuisine.jpg\"},{\"@type\":\"BreadcrumbList\",\"@id\":\"https:\/\/bikeroute.si\/sl\/about-project\/#breadcrumb\",\"itemListElement\":[{\"@type\":\"ListItem\",\"position\":1,\"name\":\"Home\",\"item\":\"https:\/\/bikeroute.si\/sl\/\"},{\"@type\":\"ListItem\",\"position\":2,\"name\":\"O projektu\"}]},{\"@type\":\"WebSite\",\"@id\":\"https:\/\/bikeroute.si\/#website\",\"url\":\"https:\/\/bikeroute.si\/\",\"name\":\"Alpina Mediterranean Cycle Route\",\"description\":\"A connection between cultures and adventure\",\"potentialAction\":[{\"@type\":\"SearchAction\",\"target\":{\"@type\":\"EntryPoint\",\"urlTemplate\":\"https:\/\/bikeroute.si\/?s={search_term_string}\"},\"query-input\":{\"@type\":\"PropertyValueSpecification\",\"valueRequired\":true,\"valueName\":\"search_term_string\"}}],\"inLanguage\":\"sl-SI\"}]}<\/script>\n<!-- \/ Yoast SEO plugin. -->","yoast_head_json":{"title":"O projektu - Alpina Mediterranean Cycle Route","description":"kolesarska pot ponuja pristno do\u017eivetje med Italijo, Slovenijo in Hrva\u0161ko: narava, kultura, kulinarika in trajnostna kolesarska avantura.","robots":{"index":"index","follow":"follow","max-snippet":"max-snippet:-1","max-image-preview":"max-image-preview:large","max-video-preview":"max-video-preview:-1"},"canonical":"https:\/\/bikeroute.si\/sl\/about-project\/","og_locale":"sl_SI","og_type":"article","og_title":"O projektu - Alpina Mediterranean Cycle Route","og_description":"kolesarska pot ponuja pristno do\u017eivetje med Italijo, Slovenijo in Hrva\u0161ko: narava, kultura, kulinarika in trajnostna kolesarska avantura.","og_url":"https:\/\/bikeroute.si\/sl\/about-project\/","og_site_name":"Alpina Mediterranean Cycle Route","article_modified_time":"2025-11-18T07:31:08+00:00","og_image":[{"width":1920,"height":1280,"url":"https:\/\/bikeroute.si\/wp-content\/uploads\/2025\/06\/02-alpina-mediterranean-cycle-route-about-the-project-local-cuisine.jpg","type":"image\/jpeg"}],"twitter_card":"summary_large_image","twitter_misc":{"Est. reading time":"2 minuti"},"schema":{"@context":"https:\/\/schema.org","@graph":[{"@type":"WebPage","@id":"https:\/\/bikeroute.si\/sl\/about-project\/","url":"https:\/\/bikeroute.si\/sl\/about-project\/","name":"O projektu - Alpina Mediterranean Cycle Route","isPartOf":{"@id":"https:\/\/bikeroute.si\/#website"},"primaryImageOfPage":{"@id":"https:\/\/bikeroute.si\/sl\/about-project\/#primaryimage"},"image":{"@id":"https:\/\/bikeroute.si\/sl\/about-project\/#primaryimage"},"thumbnailUrl":"https:\/\/bikeroute.si\/wp-content\/uploads\/2025\/06\/02-alpina-mediterranean-cycle-route-about-the-project-local-cuisine.jpg","datePublished":"2025-05-19T17:09:43+00:00","dateModified":"2025-11-18T07:31:08+00:00","description":"kolesarska pot ponuja pristno do\u017eivetje med Italijo, Slovenijo in Hrva\u0161ko: narava, kultura, kulinarika in trajnostna kolesarska avantura.","breadcrumb":{"@id":"https:\/\/bikeroute.si\/sl\/about-project\/#breadcrumb"},"inLanguage":"sl-SI","potentialAction":[{"@type":"ReadAction","target":["https:\/\/bikeroute.si\/sl\/about-project\/"]}]},{"@type":"ImageObject","inLanguage":"sl-SI","@id":"https:\/\/bikeroute.si\/sl\/about-project\/#primaryimage","url":"https:\/\/bikeroute.si\/wp-content\/uploads\/2025\/06\/02-alpina-mediterranean-cycle-route-about-the-project-local-cuisine.jpg","contentUrl":"https:\/\/bikeroute.si\/wp-content\/uploads\/2025\/06\/02-alpina-mediterranean-cycle-route-about-the-project-local-cuisine.jpg"},{"@type":"BreadcrumbList","@id":"https:\/\/bikeroute.si\/sl\/about-project\/#breadcrumb","itemListElement":[{"@type":"ListItem","position":1,"name":"Home","item":"https:\/\/bikeroute.si\/sl\/"},{"@type":"ListItem","position":2,"name":"O projektu"}]},{"@type":"WebSite","@id":"https:\/\/bikeroute.si\/#website","url":"https:\/\/bikeroute.si\/","name":"Alpina Mediterranean Cycle Route","description":"A connection between cultures and adventure","potentialAction":[{"@type":"SearchAction","target":{"@type":"EntryPoint","urlTemplate":"https:\/\/bikeroute.si\/?s={search_term_string}"},"query-input":{"@type":"PropertyValueSpecification","valueRequired":true,"valueName":"search_term_string"}}],"inLanguage":"sl-SI"}]}},"_links":{"self":[{"href":"https:\/\/bikeroute.si\/sl\/wp-json\/wp\/v2\/pages\/2033","targetHints":{"allow":["GET"]}}],"collection":[{"href":"https:\/\/bikeroute.si\/sl\/wp-json\/wp\/v2\/pages"}],"about":[{"href":"https:\/\/bikeroute.si\/sl\/wp-json\/wp\/v2\/types\/page"}],"author":[{"embeddable":true,"href":"https:\/\/bikeroute.si\/sl\/wp-json\/wp\/v2\/users\/1"}],"replies":[{"embeddable":true,"href":"https:\/\/bikeroute.si\/sl\/wp-json\/wp\/v2\/comments?post=2033"}],"version-history":[{"count":7,"href":"https:\/\/bikeroute.si\/sl\/wp-json\/wp\/v2\/pages\/2033\/revisions"}],"predecessor-version":[{"id":3101,"href":"https:\/\/bikeroute.si\/sl\/wp-json\/wp\/v2\/pages\/2033\/revisions\/3101"}],"wp:attachment":[{"href":"https:\/\/bikeroute.si\/sl\/wp-json\/wp\/v2\/media?parent=2033"}],"curies":[{"name":"wp","href":"https:\/\/api.w.org\/{rel}","templated":true}]}}