{"id":1665,"date":"2025-05-23T08:14:20","date_gmt":"2025-05-23T08:14:20","guid":{"rendered":"https:\/\/bikeroute.si\/contact\/"},"modified":"2025-11-18T07:31:39","modified_gmt":"2025-11-18T07:31:39","slug":"contact","status":"publish","type":"page","link":"https:\/\/bikeroute.si\/sl\/contact\/","title":{"rendered":"Kontakt"},"content":{"rendered":"<div class=\"gb-container gb-container-9ce11129 main-container\">\n\n<div class=\"wp-block-group has-global-padding is-layout-constrained wp-container-core-group-is-layout-f5f3bcb8 wp-block-group-is-layout-constrained\">\n<div class=\"gb-element-8048cc1d\">\n<div>\n<h2 class=\"wp-block-heading\">Kako lahko pomagamo?<\/h2>\n\n\n\n<p>Po\u0161ljite nam sporo\u010dilo in z veseljem bomo odgovorili na va\u0161a vpra\u0161anja.<\/p>\n<\/div>\n\n\n\n<div class=\"gb-element-039f6db3\">\n<form id=\"contactForm\" class=\"mail-form\">\r\n  <input type=\"text\" name=\"first_name\" placeholder=\"Ime\" required=\"\" style=\"width:100%\"\/>\r\n  <input type=\"text\" name=\"last_name\" placeholder=\"Priimek\" required=\"\" style=\"width:100%\"\/>\r\n  <input type=\"email\" name=\"email\" placeholder=\"E-po\u0161ta\" required=\"\" style=\"width:100%\"\/>\r\n  <textarea name=\"message\" placeholder=\"Sporo\u010dilo\" required=\"\" style=\"width:100%\" rows=\"5\"><\/textarea>\r\n\r\n  <button type=\"submit\">Po\u0161lji<\/button>\r\n\r\n  <div id=\"formResponse\" class=\"mail-form-response\" style=\"margin-top:10px; color: green;\"><\/div>\r\n<\/form><br\/>\n<\/div>\n<\/div>\n<\/div>\n\n<\/div>","protected":false},"excerpt":{"rendered":"<p>Kako lahko pomagamo? Po\u0161ljite nam sporo\u010dilo in z veseljem bomo odgovorili na va\u0161a vpra\u0161anja. Po\u0161lji<\/p>\n","protected":false},"author":1,"featured_media":0,"parent":0,"menu_order":0,"comment_status":"closed","ping_status":"closed","template":"wp-custom-template-pages-non-transparent-menu","meta":{"_eb_attr":"","inline_featured_image":false,"footnotes":""},"class_list":["post-1665","page","type-page","status-publish","hentry"],"yoast_head":"<!-- This site is optimized with the Yoast SEO plugin v25.5 - https:\/\/yoast.com\/wordpress\/plugins\/seo\/ -->\n<title>Kontakt - Alpina Mediterranean Cycle Route<\/title>\n<meta name=\"description\" content=\"Kontakt\" \/>\n<meta name=\"robots\" content=\"index, follow, max-snippet:-1, max-image-preview:large, max-video-preview:-1\" \/>\n<link rel=\"canonical\" href=\"https:\/\/bikeroute.si\/sl\/contact\/\" \/>\n<meta property=\"og:locale\" content=\"sl_SI\" \/>\n<meta property=\"og:type\" content=\"article\" \/>\n<meta property=\"og:title\" content=\"Kontakt - Alpina Mediterranean Cycle Route\" \/>\n<meta property=\"og:description\" content=\"Kontakt\" \/>\n<meta property=\"og:url\" content=\"https:\/\/bikeroute.si\/sl\/contact\/\" \/>\n<meta property=\"og:site_name\" content=\"Alpina Mediterranean Cycle Route\" \/>\n<meta property=\"article:modified_time\" content=\"2025-11-18T07:31:39+00:00\" \/>\n<meta property=\"og:image\" content=\"https:\/\/bikeroute.si\/wp-content\/uploads\/2025\/04\/alpina-mediterranean-cycle-route-autumn-kobarid_matevz-hribar-\u2013-kopija.jpg\" \/>\n\t<meta property=\"og:image:width\" content=\"1920\" \/>\n\t<meta property=\"og:image:height\" content=\"1280\" \/>\n\t<meta property=\"og:image:type\" content=\"image\/jpeg\" \/>\n<meta name=\"twitter:card\" content=\"summary_large_image\" \/>\n<meta name=\"twitter:label1\" content=\"Est. reading time\" \/>\n\t<meta name=\"twitter:data1\" content=\"1 minuta\" \/>\n<script type=\"application\/ld+json\" class=\"yoast-schema-graph\">{\"@context\":\"https:\/\/schema.org\",\"@graph\":[{\"@type\":\"WebPage\",\"@id\":\"https:\/\/bikeroute.si\/sl\/contact\/\",\"url\":\"https:\/\/bikeroute.si\/sl\/contact\/\",\"name\":\"Kontakt - Alpina Mediterranean Cycle Route\",\"isPartOf\":{\"@id\":\"https:\/\/bikeroute.si\/#website\"},\"datePublished\":\"2025-05-23T08:14:20+00:00\",\"dateModified\":\"2025-11-18T07:31:39+00:00\",\"description\":\"Kontakt\",\"breadcrumb\":{\"@id\":\"https:\/\/bikeroute.si\/sl\/contact\/#breadcrumb\"},\"inLanguage\":\"sl-SI\",\"potentialAction\":[{\"@type\":\"ReadAction\",\"target\":[\"https:\/\/bikeroute.si\/sl\/contact\/\"]}]},{\"@type\":\"BreadcrumbList\",\"@id\":\"https:\/\/bikeroute.si\/sl\/contact\/#breadcrumb\",\"itemListElement\":[{\"@type\":\"ListItem\",\"position\":1,\"name\":\"Home\",\"item\":\"https:\/\/bikeroute.si\/sl\/\"},{\"@type\":\"ListItem\",\"position\":2,\"name\":\"Kontakt\"}]},{\"@type\":\"WebSite\",\"@id\":\"https:\/\/bikeroute.si\/#website\",\"url\":\"https:\/\/bikeroute.si\/\",\"name\":\"Alpina Mediterranean Cycle Route\",\"description\":\"A connection between cultures and adventure\",\"potentialAction\":[{\"@type\":\"SearchAction\",\"target\":{\"@type\":\"EntryPoint\",\"urlTemplate\":\"https:\/\/bikeroute.si\/?s={search_term_string}\"},\"query-input\":{\"@type\":\"PropertyValueSpecification\",\"valueRequired\":true,\"valueName\":\"search_term_string\"}}],\"inLanguage\":\"sl-SI\"}]}<\/script>\n<!-- \/ Yoast SEO plugin. -->","yoast_head_json":{"title":"Kontakt - Alpina Mediterranean Cycle Route","description":"Kontakt","robots":{"index":"index","follow":"follow","max-snippet":"max-snippet:-1","max-image-preview":"max-image-preview:large","max-video-preview":"max-video-preview:-1"},"canonical":"https:\/\/bikeroute.si\/sl\/contact\/","og_locale":"sl_SI","og_type":"article","og_title":"Kontakt - Alpina Mediterranean Cycle Route","og_description":"Kontakt","og_url":"https:\/\/bikeroute.si\/sl\/contact\/","og_site_name":"Alpina Mediterranean Cycle Route","article_modified_time":"2025-11-18T07:31:39+00:00","og_image":[{"width":1920,"height":1280,"url":"https:\/\/bikeroute.si\/wp-content\/uploads\/2025\/04\/alpina-mediterranean-cycle-route-autumn-kobarid_matevz-hribar-\u2013-kopija.jpg","type":"image\/jpeg"}],"twitter_card":"summary_large_image","twitter_misc":{"Est. reading time":"1 minuta"},"schema":{"@context":"https:\/\/schema.org","@graph":[{"@type":"WebPage","@id":"https:\/\/bikeroute.si\/sl\/contact\/","url":"https:\/\/bikeroute.si\/sl\/contact\/","name":"Kontakt - Alpina Mediterranean Cycle Route","isPartOf":{"@id":"https:\/\/bikeroute.si\/#website"},"datePublished":"2025-05-23T08:14:20+00:00","dateModified":"2025-11-18T07:31:39+00:00","description":"Kontakt","breadcrumb":{"@id":"https:\/\/bikeroute.si\/sl\/contact\/#breadcrumb"},"inLanguage":"sl-SI","potentialAction":[{"@type":"ReadAction","target":["https:\/\/bikeroute.si\/sl\/contact\/"]}]},{"@type":"BreadcrumbList","@id":"https:\/\/bikeroute.si\/sl\/contact\/#breadcrumb","itemListElement":[{"@type":"ListItem","position":1,"name":"Home","item":"https:\/\/bikeroute.si\/sl\/"},{"@type":"ListItem","position":2,"name":"Kontakt"}]},{"@type":"WebSite","@id":"https:\/\/bikeroute.si\/#website","url":"https:\/\/bikeroute.si\/","name":"Alpina Mediterranean Cycle Route","description":"A connection between cultures and adventure","potentialAction":[{"@type":"SearchAction","target":{"@type":"EntryPoint","urlTemplate":"https:\/\/bikeroute.si\/?s={search_term_string}"},"query-input":{"@type":"PropertyValueSpecification","valueRequired":true,"valueName":"search_term_string"}}],"inLanguage":"sl-SI"}]}},"_links":{"self":[{"href":"https:\/\/bikeroute.si\/sl\/wp-json\/wp\/v2\/pages\/1665","targetHints":{"allow":["GET"]}}],"collection":[{"href":"https:\/\/bikeroute.si\/sl\/wp-json\/wp\/v2\/pages"}],"about":[{"href":"https:\/\/bikeroute.si\/sl\/wp-json\/wp\/v2\/types\/page"}],"author":[{"embeddable":true,"href":"https:\/\/bikeroute.si\/sl\/wp-json\/wp\/v2\/users\/1"}],"replies":[{"embeddable":true,"href":"https:\/\/bikeroute.si\/sl\/wp-json\/wp\/v2\/comments?post=1665"}],"version-history":[{"count":11,"href":"https:\/\/bikeroute.si\/sl\/wp-json\/wp\/v2\/pages\/1665\/revisions"}],"predecessor-version":[{"id":2887,"href":"https:\/\/bikeroute.si\/sl\/wp-json\/wp\/v2\/pages\/1665\/revisions\/2887"}],"wp:attachment":[{"href":"https:\/\/bikeroute.si\/sl\/wp-json\/wp\/v2\/media?parent=1665"}],"curies":[{"name":"wp","href":"https:\/\/api.w.org\/{rel}","templated":true}]}}