{"id":2044,"date":"2025-05-12T18:25:57","date_gmt":"2025-05-12T18:25:57","guid":{"rendered":"https:\/\/bikeroute.si\/route\/"},"modified":"2025-11-18T07:43:17","modified_gmt":"2025-11-18T07:43:17","slug":"route","status":"publish","type":"page","link":"https:\/\/bikeroute.si\/it\/route\/","title":{"rendered":"Itinerario"},"content":{"rendered":"<div class=\"gb-container gb-container-9ce11129 main-container\">\n\n<div class=\"wp-block-cover is-light has-parallax\" style=\"border-radius:0px;min-height:80vh;aspect-ratio:unset;\"><div role=\"img\" aria-label=\"Due ciclisti attraversano un ponte con una vista mozzafiato sul fiume So\u010da dalle acque turchesi.\" class=\"wp-block-cover__image-background wp-image-2250 size-full has-parallax\" style=\"background-position:50% 50%;background-image:url(https:\/\/bikeroute.si\/wp-content\/uploads\/2025\/06\/01-alpina-mediterranean-cycle-route-journey-between-cultures.jpg)\"><\/div><span aria-hidden=\"true\" class=\"wp-block-cover__background has-custom-overlay-background-color has-background-dim-20 has-background-dim\"><\/span><div class=\"wp-block-cover__inner-container has-global-padding is-layout-constrained wp-container-core-cover-is-layout-19e250f3 wp-block-cover-is-layout-constrained\">\n<div class=\"wp-block-group has-global-padding is-layout-constrained wp-container-core-group-is-layout-f5f3bcb8 wp-block-group-is-layout-constrained\">\n<h1 class=\"wp-block-heading has-text-align-center has-secondary-color has-text-color has-link-color wp-elements-e58579ae7e4153545c0b6b5367e3a8b6\">Un viaggio tra culture dove<br>le montagne incontrano il mare<\/h1>\n<\/div>\n<\/div><\/div>\n\n<\/div>\n\n\n<div class=\"gb-element-f36a97a0 main-container\">\n<div class=\"wp-block-group has-global-padding is-layout-constrained wp-block-group-is-layout-constrained\">\n<div class=\"wp-block-group has-global-padding is-layout-constrained wp-block-group-is-layout-constrained\">\n<p>Per i viaggiatori appassionati di avventure su due ruote, un viaggio lungo la Ciclovia Alpina-Mediterranea \u2014 uno dei collegamenti ciclistici pi\u00f9 importanti al mondo \u2014 \u00e8 una necessit\u00e0.<br><br>Partendo dalla provincia di Udine e dalla regione italiana del <a href=\"https:\/\/www.regionsofitaly.com\/friuli-venezia-giulia\/Blog%20Post%20Title%20One-s4678\" target=\"_blank\" rel=\"noopener\">Friuli-Venezia Giulia<\/a>, poco a sud del punto in cui si incontrano i fiumi Fella e Tagliamento, il percorso si snoda attraverso le Alpi in Slovenia prima di scendere verso la costa adriatica della Croazia. Questo legame tra montagne e mare \u00e8 la connessione pi\u00f9 evidente del percorso; d\u2019altronde, \u00e8 nel nome. Ci\u00f2 che i ciclisti impareranno ad amare, per\u00f2, sono tutte le possibilit\u00e0 che la Ciclovia Alpina-Mediterranea offre durante la loro epica avventura.<\/p>\n<\/div>\n<\/div>\n\n\n\n<div class=\"wp-block-group is-layout-flow wp-block-group-is-layout-flow\">\n<figure class=\"wp-block-image size-full is-resized desktop-only\"><img loading=\"lazy\" decoding=\"async\" width=\"1093\" height=\"632\" src=\"https:\/\/bikeroute.si\/wp-content\/uploads\/2025\/05\/route_map-1.svg\" alt=\"\" class=\"wp-image-1533\" style=\"width:1200px\"\/><\/figure>\n\n\n\n<figure class=\"wp-block-image size-full is-resized mobile-only\"><img loading=\"lazy\" decoding=\"async\" width=\"834\" height=\"631\" src=\"https:\/\/bikeroute.si\/wp-content\/uploads\/2025\/05\/mobile_map.svg\" alt=\"Mappa del percorso alpino-mediterraneo\" class=\"wp-image-1963\" style=\"width:1200px\"\/><\/figure>\n<\/div>\n<\/div>\n\n\n\n<div class=\"gb-element-d68c934c main-container\">\n<div class=\"wp-block-group has-global-padding is-layout-constrained wp-block-group-is-layout-constrained\">\n<h3 class=\"wp-block-heading\">Statistiche generali<\/h3>\n\n\n\n<figure class=\"wp-block-table green-table\"><table style=\"border-width:1px\"><thead><tr><th class=\"has-text-align-left\" data-align=\"left\">Tappa<\/th><th class=\"has-text-align-left\" data-align=\"left\">Da<\/th><th class=\"has-text-align-left\" data-align=\"left\">A<\/th><th class=\"has-text-align-left\" data-align=\"left\">Distanza (km)<\/th><th class=\"has-text-align-left\" data-align=\"left\">Dislivello (m)<\/th><th class=\"has-text-align-left\" data-align=\"left\">Asfaltato (%)<\/th><th class=\"has-text-align-left\" data-align=\"left\">Sterrato (%)<\/th><\/tr><\/thead><tbody><tr><td class=\"has-text-align-left\" data-align=\"left\">01<\/td><td class=\"has-text-align-left\" data-align=\"left\">Venezone (Pu\u0161ja vas)<\/td><td class=\"has-text-align-left\" data-align=\"left\">Cividale del Friuli (\u010cedad)<\/td><td class=\"has-text-align-left\" data-align=\"left\">55<\/td><td class=\"has-text-align-left\" data-align=\"left\">280<\/td><td class=\"has-text-align-left\" data-align=\"left\">87<\/td><td class=\"has-text-align-left\" data-align=\"left\">13<\/td><\/tr><tr><td class=\"has-text-align-left\" data-align=\"left\">02<\/td><td class=\"has-text-align-left\" data-align=\"left\">Cividale del Friuli (\u010cedad)<\/td><td class=\"has-text-align-left\" data-align=\"left\">Tolmin<\/td><td class=\"has-text-align-left\" data-align=\"left\">46<\/td><td class=\"has-text-align-left\" data-align=\"left\">560<\/td><td class=\"has-text-align-left\" data-align=\"left\">86<\/td><td class=\"has-text-align-left\" data-align=\"left\">14<\/td><\/tr><tr><td class=\"has-text-align-left\" data-align=\"left\">03<\/td><td class=\"has-text-align-left\" data-align=\"left\">Tolmin<\/td><td class=\"has-text-align-left\" data-align=\"left\">Nova Gorica<\/td><td class=\"has-text-align-left\" data-align=\"left\">41<\/td><td class=\"has-text-align-left\" data-align=\"left\">570<\/td><td class=\"has-text-align-left\" data-align=\"left\">88<\/td><td class=\"has-text-align-left\" data-align=\"left\">12<\/td><\/tr><tr><td class=\"has-text-align-left\" data-align=\"left\">04<\/td><td class=\"has-text-align-left\" data-align=\"left\">Nova Gorica<\/td><td class=\"has-text-align-left\" data-align=\"left\">Se\u017eana<\/td><td class=\"has-text-align-left\" data-align=\"left\">56<\/td><td class=\"has-text-align-left\" data-align=\"left\">830<\/td><td class=\"has-text-align-left\" data-align=\"left\">74<\/td><td class=\"has-text-align-left\" data-align=\"left\">26<\/td><\/tr><tr><td class=\"has-text-align-left\" data-align=\"left\">05<\/td><td class=\"has-text-align-left\" data-align=\"left\">Se\u017eana<\/td><td class=\"has-text-align-left\" data-align=\"left\">Ilirska Bistrica<\/td><td class=\"has-text-align-left\" data-align=\"left\">55<\/td><td class=\"has-text-align-left\" data-align=\"left\">900<\/td><td class=\"has-text-align-left\" data-align=\"left\">74<\/td><td class=\"has-text-align-left\" data-align=\"left\">26<\/td><\/tr><tr><td class=\"has-text-align-left\" data-align=\"left\">06<\/td><td class=\"has-text-align-left\" data-align=\"left\">Ilirska Bistrica<\/td><td class=\"has-text-align-left\" data-align=\"left\">Opatija<\/td><td class=\"has-text-align-left\" data-align=\"left\">46<\/td><td class=\"has-text-align-left\" data-align=\"left\">610<\/td><td class=\"has-text-align-left\" data-align=\"left\">90<\/td><td class=\"has-text-align-left\" data-align=\"left\">10<\/td><\/tr><\/tbody><\/table><\/figure>\n<\/div>\n\n\n\n<div class=\"wp-block-group has-global-padding is-layout-constrained wp-block-group-is-layout-constrained\" style=\"margin-top:0;margin-bottom:0\">\n<div class=\"wp-block-group has-global-padding is-layout-constrained wp-block-group-is-layout-constrained\">\n<p>Tra queste opzioni c\u2019\u00e8 il collegamento con la famosa Ciclovia Alpe-Adria Radweg (Percorso dalle Alpi all\u2019Adriatico). La Ciclovia Alpina-Mediterranea si sovrappone inoltre e funge da collegamento con la nuova Trans Dinarica Cycle Route, che attraversa tutti e otto i paesi dei Balcani occidentali: Slovenia, Croazia, Bosnia ed Erzegovina, Montenegro, Albania, Kosovo, Macedonia del Nord e Serbia. In questo modo si crea un legame tra antiche culture distribuite lungo questo corridoio tra Europa Centrale e Sud-Est.<br><br>Progettata per cicloturisti di ogni livello (il percorso \u00e8 ideale per biciclette gravel, adatte sia all\u2019asfalto che alle strade forestali, ed \u00e8 perfetta anche per e-bike), la Ciclovia Alpina-Mediterranea offre agli avventurieri, che cercano esperienze autentiche, un modo per esplorare queste regioni a ritmo umano, scoprendo tradizioni culinarie, musicali e storiche con un approccio slow travel.<\/p>\n<\/div>\n<\/div>\n\n\n\n<div class=\"gb-element-054bb7f8\">\n<div class=\"gb-element-d8f5e97a\">\n<div class=\"wp-block-outermost-icon-block items-justified-center\">\r\n<div class=\"icon-container has-icon-color has-icon-background-color has-header-image-overlay-background-color has-primary-color\" style=\"background-color: transparent; color: #375741; width: 80px; transform: rotate(0deg) scaleX(1) scaleY(1);\"><\/div><br><\/div>\n\n\n\n<h3 class=\"wp-block-heading has-text-align-center has-primary-color has-text-color has-link-color wp-elements-6050c76d0f0aebb1b28b5a445514d924\" style=\"margin-top:var(--wp--preset--spacing--xx-small);margin-right:0;margin-bottom:var(--wp--preset--spacing--xx-small);margin-left:0\">6<\/h3>\n\n\n\n<p class=\"has-text-align-center has-primary-color has-text-color has-link-color has-large-font-size wp-elements-4fcde3e52ab987831f8a391ceacfb6b2\" style=\"margin-top:0;margin-right:0;margin-bottom:0;margin-left:0;text-transform:uppercase\">TAPPE<\/p>\n<\/div>\n\n\n\n<div>\n<div class=\"wp-block-outermost-icon-block items-justified-center\">\r\n<div class=\"icon-container has-icon-color has-icon-background-color has-header-image-overlay-background-color has-primary-color\" style=\"background-color: transparent; color: #375741; width: 80px; transform: rotate(0deg) scaleX(1) scaleY(1);\">\r\n\r\n&nbsp;\r\n\r\n<style type=\"text\/css\">\r\n\t.st0{display:none;}<br \/>\r\n\t.st1{display:inline;}<br \/>\r\n\t.st2{clip-path:url(#SVGID_00000080207076391875512110000002403333536843216048_);}<br \/>\r\n\t.st4{display:inline;fill-rule:evenodd;clip-rule:evenodd;}<br \/>\r\n\t.st5{fill-rule:evenodd;clip-rule:evenodd;}<br \/>\r\n<\/style>&nbsp;\r\n\r\n<\/div><br><\/div>\n\n\n\n<h3 class=\"wp-block-heading has-text-align-center has-primary-color has-text-color has-link-color wp-elements-46d2bf2afd142d77e9e78f80f0d9fc32\" style=\"margin-top:var(--wp--preset--spacing--xx-small);margin-right:0;margin-bottom:var(--wp--preset--spacing--xx-small);margin-left:0\">299 km<\/h3>\n\n\n\n<p class=\"has-text-align-center has-primary-color has-text-color has-link-color has-large-font-size wp-elements-6bccf4a70bcbcea5e371f1fb36196e50\" style=\"margin-top:0;margin-right:0;margin-bottom:0;margin-left:0;text-transform:uppercase\">DISTANZA<\/p>\n<\/div>\n\n\n\n<div>\n<div class=\"wp-block-outermost-icon-block items-justified-center\">\r\n<div class=\"icon-container has-icon-color has-primary-color\" style=\"color: #375741; width: 80px; transform: rotate(0deg) scaleX(1) scaleY(1);\">\r\n\r\n&nbsp;\r\n\r\n<style type=\"text\/css\">\r\n\t.st0{display:none;}<br \/>\r\n\t.st1{display:inline;}<br \/>\r\n\t.st2{clip-path:url(#SVGID_00000083800209918284082010000003420240369119698098_);}<br \/>\r\n\t.st4{display:inline;fill-rule:evenodd;clip-rule:evenodd;}<br \/>\r\n\t.st5{fill-rule:evenodd;clip-rule:evenodd;}<br \/>\r\n<\/style>&nbsp;\r\n\r\n<\/div><br><\/div>\n\n\n\n<h3 class=\"wp-block-heading has-text-align-center has-primary-color has-text-color has-link-color wp-elements-92dee0f1e1764b37e5657f7156727c69\" style=\"margin-top:var(--wp--preset--spacing--xx-small);margin-right:0;margin-bottom:var(--wp--preset--spacing--xx-small);margin-left:0\">3.750 m<\/h3>\n\n\n\n<p class=\"has-text-align-center has-primary-color has-text-color has-link-color has-large-font-size wp-elements-8f0ee4f8bdf859d200faaa5ad5b5bbd9\" style=\"margin-top:0;margin-right:0;margin-bottom:0;margin-left:0;text-transform:uppercase\">DISLIVELLO<\/p>\n<\/div>\n\n\n\n<div>\n<div class=\"wp-block-outermost-icon-block items-justified-center\">\r\n<div class=\"icon-container has-icon-color has-primary-color\" style=\"color: #375741; width: 80px; transform: rotate(0deg) scaleX(1) scaleY(1);\">\r\n\r\n&nbsp;\r\n\r\n<style type=\"text\/css\">\r\n\t.st0{display:none;}<br \/>\r\n\t.st1{display:inline;}<br \/>\r\n\t.st2{clip-path:url(#SVGID_00000168103815585498383070000014642230357607890336_);}<br \/>\r\n\t.st4{fill-rule:evenodd;clip-rule:evenodd;}<br \/>\r\n<\/style>&nbsp;\r\n\r\n<\/div><br><\/div>\n\n\n\n<h3 class=\"wp-block-heading has-text-align-center has-primary-color has-text-color has-link-color wp-elements-f0c55298e978b478338dd5a261bf8d7c\" style=\"margin-top:var(--wp--preset--spacing--xx-small);margin-right:0;margin-bottom:var(--wp--preset--spacing--xx-small);margin-left:0\">83 %<\/h3>\n\n\n\n<p class=\"has-text-align-center has-primary-color has-text-color has-link-color has-large-font-size wp-elements-dafec661276f0630f5e87b010ae9509f\" style=\"margin-top:0;margin-right:0;margin-bottom:0;margin-left:0;text-transform:uppercase\">ASFALTATO<\/p>\n<\/div>\n\n\n\n<div>\n<div class=\"wp-block-outermost-icon-block items-justified-center\">\r\n<div class=\"icon-container has-icon-color has-primary-color\" style=\"color: #375741; width: 80px; transform: rotate(0deg) scaleX(1) scaleY(1);\">\r\n\r\n&nbsp;\r\n\r\n<style type=\"text\/css\">\r\n\t.st0{display:none;}<br \/>\r\n\t.st1{display:inline;}<br \/>\r\n\t.st2{clip-path:url(#SVGID_00000144338177230497135900000008211558394878189455_);}<br \/>\r\n\t.st4{display:inline;fill-rule:evenodd;clip-rule:evenodd;}<br \/>\r\n\t.st5{fill-rule:evenodd;clip-rule:evenodd;}<br \/>\r\n<\/style>&nbsp;\r\n\r\n<\/div><br><\/div>\n\n\n\n<h3 class=\"wp-block-heading has-text-align-center has-primary-color has-text-color has-link-color wp-elements-b3fe7c72b56aecfe8364616757fdf00a\" style=\"margin-top:var(--wp--preset--spacing--xx-small);margin-right:0;margin-bottom:var(--wp--preset--spacing--xx-small);margin-left:0\">17 %<\/h3>\n\n\n\n<p class=\"has-text-align-center has-primary-color has-text-color has-link-color has-large-font-size wp-elements-5e4d012a3bbd22e3f8d0fe9daf040bc7\" style=\"margin-top:0;margin-right:0;margin-bottom:0;margin-left:0;text-transform:uppercase\">STERRATO<\/p>\n<\/div>\n<\/div>\n\n\n\n<div class=\"wp-block-group has-global-padding is-layout-constrained wp-block-group-is-layout-constrained\">\n<figure class=\"wp-block-image aligncenter size-full\"><img loading=\"lazy\" decoding=\"async\" width=\"1920\" height=\"1280\" src=\"https:\/\/bikeroute.si\/wp-content\/uploads\/2025\/06\/02-alpina-mediterranean-cycle-route-local-cuisine-karst-gulic.jpg\" alt=\"Nell\u2019immagine ci sono tre ciclisti seduti a un tavolo in una fattoria a Rodik mentre gustano un tagliere di salumi e formaggi.\" class=\"wp-image-2254\" srcset=\"https:\/\/bikeroute.si\/wp-content\/uploads\/2025\/06\/02-alpina-mediterranean-cycle-route-local-cuisine-karst-gulic.jpg 1920w, https:\/\/bikeroute.si\/wp-content\/uploads\/2025\/06\/02-alpina-mediterranean-cycle-route-local-cuisine-karst-gulic-300x200.jpg 300w, https:\/\/bikeroute.si\/wp-content\/uploads\/2025\/06\/02-alpina-mediterranean-cycle-route-local-cuisine-karst-gulic-1024x683.jpg 1024w, https:\/\/bikeroute.si\/wp-content\/uploads\/2025\/06\/02-alpina-mediterranean-cycle-route-local-cuisine-karst-gulic-768x512.jpg 768w, https:\/\/bikeroute.si\/wp-content\/uploads\/2025\/06\/02-alpina-mediterranean-cycle-route-local-cuisine-karst-gulic-1536x1024.jpg 1536w\" sizes=\"auto, (max-width: 1920px) 100vw, 1920px\" \/><\/figure>\n<\/div>\n\n\n\n<div class=\"wp-block-group has-global-padding is-layout-constrained wp-block-group-is-layout-constrained\">\n<p>La Ciclovia Alpina-Mediterranea unisce strade asfaltate tranquille, sterrato e sentieri boschivi. \u00c8 perfetta per viaggiatori attivi che vogliono esplorare nuovi luoghi in bicicletta durante il giorno\u2026 e gustare la cucina locale, il vino e il patrimonio unico ogni sera. Il percorso offre agli operatori turistici locali l\u2019opportunit\u00e0 di sviluppare tour e idee intorno a questa epica connessione tra culture, promuovendo cos\u00ec un modo reale, responsabile e sostenibile di scoprire una delle migliori regioni al mondo per andare in bici.<\/p>\n<\/div>\n<\/div>\n\n\n\n<div class=\"main-container\">\n<div class=\"wp-block-group has-global-padding is-layout-constrained wp-block-group-is-layout-constrained\">\n<h3 class=\"wp-block-heading\">Mappa della Ciclovia Alpina-Mediterranea<\/h3>\n\n\n\n<div class=\"wp-block-group map has-global-padding is-layout-constrained wp-container-core-group-is-layout-7d0d3654 wp-block-group-is-layout-constrained\">\n<iframe src=\"https:\/\/ridewithgps.com\/embeds?type=region&#038;id=601084&#038;zoomLimit=11&#038;scrollWheelZoom=true\" style=\"width: 1px; min-width: 100%; height: 700px; border: none;\" scrolling=\"no\"><\/iframe>\n<\/div>\n<\/div>\n<\/div>\n\n\n\n<div class=\"main-container no-end-spacing\">\n<div class=\"wp-block-cover\" style=\"min-height:650px;aspect-ratio:unset;\"><img loading=\"lazy\" decoding=\"async\" width=\"1920\" height=\"1280\" class=\"wp-block-cover__image-background wp-image-2160 size-full\" alt=\"Due ciclisti in viaggio lungo il percorso.\" src=\"https:\/\/bikeroute.si\/wp-content\/uploads\/2025\/06\/01-alpina-mediterranean-cycle-route-d7-karst-cycling-slovenia-matevz-hribar.jpg\" data-object-fit=\"cover\" srcset=\"https:\/\/bikeroute.si\/wp-content\/uploads\/2025\/06\/01-alpina-mediterranean-cycle-route-d7-karst-cycling-slovenia-matevz-hribar.jpg 1920w, https:\/\/bikeroute.si\/wp-content\/uploads\/2025\/06\/01-alpina-mediterranean-cycle-route-d7-karst-cycling-slovenia-matevz-hribar-300x200.jpg 300w, https:\/\/bikeroute.si\/wp-content\/uploads\/2025\/06\/01-alpina-mediterranean-cycle-route-d7-karst-cycling-slovenia-matevz-hribar-1024x683.jpg 1024w, https:\/\/bikeroute.si\/wp-content\/uploads\/2025\/06\/01-alpina-mediterranean-cycle-route-d7-karst-cycling-slovenia-matevz-hribar-768x512.jpg 768w, https:\/\/bikeroute.si\/wp-content\/uploads\/2025\/06\/01-alpina-mediterranean-cycle-route-d7-karst-cycling-slovenia-matevz-hribar-1536x1024.jpg 1536w\" sizes=\"auto, (max-width: 1920px) 100vw, 1920px\" \/><span aria-hidden=\"true\" class=\"wp-block-cover__background has-black-background-color has-background-dim-30 has-background-dim\"><\/span><div class=\"wp-block-cover__inner-container has-global-padding is-layout-constrained wp-container-core-cover-is-layout-f5f3bcb8 wp-block-cover-is-layout-constrained\">\n<h2 class=\"wp-block-heading has-text-align-center has-secondary-color has-text-color has-link-color has-xxx-large-font-size wp-elements-2983506bf9a2055da400fa7c0d304286\">Sei pronto per il percorso?<br>Scarica il Pacchetto di navigazione.<\/h2>\n\n\n\n<div class=\"wp-block-buttons is-content-justification-center is-layout-flex wp-container-core-buttons-is-layout-a89b3969 wp-block-buttons-is-layout-flex\">\n<div class=\"wp-block-button is-style-outline is-style-outline--1\"><a class=\"wp-block-button__link has-secondary-color has-text-color has-link-color wp-element-button\" href=\"https:\/\/bikeroute.si\/it\/registration\/\">Pacchetto di navigazione<\/a><\/div>\n<\/div>\n<\/div><\/div>\n<\/div>\n\n\n\n<p><\/p>\n","protected":false},"excerpt":{"rendered":"<p>Per i viaggiatori appassionati di avventure su due ruote, un viaggio lungo la Ciclovia Alpina-Mediterranea \u2014 uno dei collegamenti ciclistici pi\u00f9 importanti al mondo \u2014 [&hellip;]<\/p>\n","protected":false},"author":1,"featured_media":0,"parent":0,"menu_order":0,"comment_status":"closed","ping_status":"closed","template":"","meta":{"_eb_attr":"","inline_featured_image":false,"footnotes":""},"class_list":["post-2044","page","type-page","status-publish","hentry"],"yoast_head":"<!-- This site is optimized with the Yoast SEO plugin v25.5 - https:\/\/yoast.com\/wordpress\/plugins\/seo\/ -->\n<title>Itinerario - Alpina Mediterranean Cycle Route<\/title>\n<meta name=\"description\" content=\"Alpina Mediterranean Cycle Route Un\u2019avventura epica su due ruote tra Italia, Slovenia e Croazia, lungo un percorso che unisce Alpi e Adriatico con panorami e culture uniche.\" \/>\n<meta name=\"robots\" content=\"index, follow, max-snippet:-1, max-image-preview:large, max-video-preview:-1\" \/>\n<link rel=\"canonical\" href=\"https:\/\/bikeroute.si\/it\/route\/\" \/>\n<meta property=\"og:locale\" content=\"it_IT\" \/>\n<meta property=\"og:type\" content=\"article\" \/>\n<meta property=\"og:title\" content=\"Itinerario - Alpina Mediterranean Cycle Route\" \/>\n<meta property=\"og:description\" content=\"Alpina Mediterranean Cycle Route Un\u2019avventura epica su due ruote tra Italia, Slovenia e Croazia, lungo un percorso che unisce Alpi e Adriatico con panorami e culture uniche.\" \/>\n<meta property=\"og:url\" content=\"https:\/\/bikeroute.si\/it\/route\/\" \/>\n<meta property=\"og:site_name\" content=\"Alpina Mediterranean Cycle Route\" \/>\n<meta property=\"article:modified_time\" content=\"2025-11-18T07:43:17+00:00\" \/>\n<meta property=\"og:image\" content=\"https:\/\/bikeroute.si\/wp-content\/uploads\/2025\/04\/alpina-mediterranean-cycle-route-autumn-kobarid_matevz-hribar-\u2013-kopija.jpg\" \/>\n\t<meta property=\"og:image:width\" content=\"1920\" \/>\n\t<meta property=\"og:image:height\" content=\"1280\" \/>\n\t<meta property=\"og:image:type\" content=\"image\/jpeg\" \/>\n<meta name=\"twitter:card\" content=\"summary_large_image\" \/>\n<meta name=\"twitter:label1\" content=\"Tempo di lettura stimato\" \/>\n\t<meta name=\"twitter:data1\" content=\"3 minuti\" \/>\n<script type=\"application\/ld+json\" class=\"yoast-schema-graph\">{\"@context\":\"https:\/\/schema.org\",\"@graph\":[{\"@type\":\"WebPage\",\"@id\":\"https:\/\/bikeroute.si\/it\/route\/\",\"url\":\"https:\/\/bikeroute.si\/it\/route\/\",\"name\":\"Itinerario - Alpina Mediterranean Cycle Route\",\"isPartOf\":{\"@id\":\"https:\/\/bikeroute.si\/#website\"},\"primaryImageOfPage\":{\"@id\":\"https:\/\/bikeroute.si\/it\/route\/#primaryimage\"},\"image\":{\"@id\":\"https:\/\/bikeroute.si\/it\/route\/#primaryimage\"},\"thumbnailUrl\":\"https:\/\/bikeroute.si\/wp-content\/uploads\/2025\/05\/route_map-1.svg\",\"datePublished\":\"2025-05-12T18:25:57+00:00\",\"dateModified\":\"2025-11-18T07:43:17+00:00\",\"description\":\"Alpina Mediterranean Cycle Route Un\u2019avventura epica su due ruote tra Italia, Slovenia e Croazia, lungo un percorso che unisce Alpi e Adriatico con panorami e culture uniche.\",\"breadcrumb\":{\"@id\":\"https:\/\/bikeroute.si\/it\/route\/#breadcrumb\"},\"inLanguage\":\"it-IT\",\"potentialAction\":[{\"@type\":\"ReadAction\",\"target\":[\"https:\/\/bikeroute.si\/it\/route\/\"]}]},{\"@type\":\"ImageObject\",\"inLanguage\":\"it-IT\",\"@id\":\"https:\/\/bikeroute.si\/it\/route\/#primaryimage\",\"url\":\"https:\/\/bikeroute.si\/wp-content\/uploads\/2025\/05\/route_map-1.svg\",\"contentUrl\":\"https:\/\/bikeroute.si\/wp-content\/uploads\/2025\/05\/route_map-1.svg\"},{\"@type\":\"BreadcrumbList\",\"@id\":\"https:\/\/bikeroute.si\/it\/route\/#breadcrumb\",\"itemListElement\":[{\"@type\":\"ListItem\",\"position\":1,\"name\":\"Home\",\"item\":\"https:\/\/bikeroute.si\/it\/\"},{\"@type\":\"ListItem\",\"position\":2,\"name\":\"Itinerario\"}]},{\"@type\":\"WebSite\",\"@id\":\"https:\/\/bikeroute.si\/#website\",\"url\":\"https:\/\/bikeroute.si\/\",\"name\":\"Alpina Mediterranean Cycle Route\",\"description\":\"A connection between cultures and adventure\",\"potentialAction\":[{\"@type\":\"SearchAction\",\"target\":{\"@type\":\"EntryPoint\",\"urlTemplate\":\"https:\/\/bikeroute.si\/?s={search_term_string}\"},\"query-input\":{\"@type\":\"PropertyValueSpecification\",\"valueRequired\":true,\"valueName\":\"search_term_string\"}}],\"inLanguage\":\"it-IT\"}]}<\/script>\n<!-- \/ Yoast SEO plugin. -->","yoast_head_json":{"title":"Itinerario - Alpina Mediterranean Cycle Route","description":"Alpina Mediterranean Cycle Route Un\u2019avventura epica su due ruote tra Italia, Slovenia e Croazia, lungo un percorso che unisce Alpi e Adriatico con panorami e culture uniche.","robots":{"index":"index","follow":"follow","max-snippet":"max-snippet:-1","max-image-preview":"max-image-preview:large","max-video-preview":"max-video-preview:-1"},"canonical":"https:\/\/bikeroute.si\/it\/route\/","og_locale":"it_IT","og_type":"article","og_title":"Itinerario - Alpina Mediterranean Cycle Route","og_description":"Alpina Mediterranean Cycle Route Un\u2019avventura epica su due ruote tra Italia, Slovenia e Croazia, lungo un percorso che unisce Alpi e Adriatico con panorami e culture uniche.","og_url":"https:\/\/bikeroute.si\/it\/route\/","og_site_name":"Alpina Mediterranean Cycle Route","article_modified_time":"2025-11-18T07:43:17+00:00","og_image":[{"width":1920,"height":1280,"url":"https:\/\/bikeroute.si\/wp-content\/uploads\/2025\/04\/alpina-mediterranean-cycle-route-autumn-kobarid_matevz-hribar-\u2013-kopija.jpg","type":"image\/jpeg"}],"twitter_card":"summary_large_image","twitter_misc":{"Tempo di lettura stimato":"3 minuti"},"schema":{"@context":"https:\/\/schema.org","@graph":[{"@type":"WebPage","@id":"https:\/\/bikeroute.si\/it\/route\/","url":"https:\/\/bikeroute.si\/it\/route\/","name":"Itinerario - Alpina Mediterranean Cycle Route","isPartOf":{"@id":"https:\/\/bikeroute.si\/#website"},"primaryImageOfPage":{"@id":"https:\/\/bikeroute.si\/it\/route\/#primaryimage"},"image":{"@id":"https:\/\/bikeroute.si\/it\/route\/#primaryimage"},"thumbnailUrl":"https:\/\/bikeroute.si\/wp-content\/uploads\/2025\/05\/route_map-1.svg","datePublished":"2025-05-12T18:25:57+00:00","dateModified":"2025-11-18T07:43:17+00:00","description":"Alpina Mediterranean Cycle Route Un\u2019avventura epica su due ruote tra Italia, Slovenia e Croazia, lungo un percorso che unisce Alpi e Adriatico con panorami e culture uniche.","breadcrumb":{"@id":"https:\/\/bikeroute.si\/it\/route\/#breadcrumb"},"inLanguage":"it-IT","potentialAction":[{"@type":"ReadAction","target":["https:\/\/bikeroute.si\/it\/route\/"]}]},{"@type":"ImageObject","inLanguage":"it-IT","@id":"https:\/\/bikeroute.si\/it\/route\/#primaryimage","url":"https:\/\/bikeroute.si\/wp-content\/uploads\/2025\/05\/route_map-1.svg","contentUrl":"https:\/\/bikeroute.si\/wp-content\/uploads\/2025\/05\/route_map-1.svg"},{"@type":"BreadcrumbList","@id":"https:\/\/bikeroute.si\/it\/route\/#breadcrumb","itemListElement":[{"@type":"ListItem","position":1,"name":"Home","item":"https:\/\/bikeroute.si\/it\/"},{"@type":"ListItem","position":2,"name":"Itinerario"}]},{"@type":"WebSite","@id":"https:\/\/bikeroute.si\/#website","url":"https:\/\/bikeroute.si\/","name":"Alpina Mediterranean Cycle Route","description":"A connection between cultures and adventure","potentialAction":[{"@type":"SearchAction","target":{"@type":"EntryPoint","urlTemplate":"https:\/\/bikeroute.si\/?s={search_term_string}"},"query-input":{"@type":"PropertyValueSpecification","valueRequired":true,"valueName":"search_term_string"}}],"inLanguage":"it-IT"}]}},"_links":{"self":[{"href":"https:\/\/bikeroute.si\/it\/wp-json\/wp\/v2\/pages\/2044","targetHints":{"allow":["GET"]}}],"collection":[{"href":"https:\/\/bikeroute.si\/it\/wp-json\/wp\/v2\/pages"}],"about":[{"href":"https:\/\/bikeroute.si\/it\/wp-json\/wp\/v2\/types\/page"}],"author":[{"embeddable":true,"href":"https:\/\/bikeroute.si\/it\/wp-json\/wp\/v2\/users\/1"}],"replies":[{"embeddable":true,"href":"https:\/\/bikeroute.si\/it\/wp-json\/wp\/v2\/comments?post=2044"}],"version-history":[{"count":6,"href":"https:\/\/bikeroute.si\/it\/wp-json\/wp\/v2\/pages\/2044\/revisions"}],"predecessor-version":[{"id":3104,"href":"https:\/\/bikeroute.si\/it\/wp-json\/wp\/v2\/pages\/2044\/revisions\/3104"}],"wp:attachment":[{"href":"https:\/\/bikeroute.si\/it\/wp-json\/wp\/v2\/media?parent=2044"}],"curies":[{"name":"wp","href":"https:\/\/api.w.org\/{rel}","templated":true}]}}