{"id":2032,"date":"2025-05-19T17:09:43","date_gmt":"2025-05-19T17:09:43","guid":{"rendered":"https:\/\/bikeroute.si\/about-project\/"},"modified":"2025-11-18T07:37:20","modified_gmt":"2025-11-18T07:37:20","slug":"about-project","status":"publish","type":"page","link":"https:\/\/bikeroute.si\/it\/about-project\/","title":{"rendered":"Informazioni sul progetto"},"content":{"rendered":"<div class=\"gb-container gb-container-9ce11129 main-container\">\n\n<div class=\"wp-block-cover has-parallax is-repeated\" style=\"border-radius:0px;min-height:80vh;aspect-ratio:unset;\"><div class=\"wp-block-cover__image-background wp-image-2304 size-full has-parallax is-repeated\" style=\"background-position:50% 50%;background-image:url(https:\/\/bikeroute.si\/wp-content\/uploads\/2025\/06\/01-alpina-mediterranean-cycle-route-about-the-project-cycling-path.jpg)\"><\/div><span aria-hidden=\"true\" class=\"wp-block-cover__background has-black-background-color has-background-dim-20 has-background-dim\"><\/span><div class=\"wp-block-cover__inner-container has-global-padding is-layout-constrained wp-container-core-cover-is-layout-19e250f3 wp-block-cover-is-layout-constrained\">\n<div class=\"wp-block-group has-global-padding is-layout-constrained wp-container-core-group-is-layout-f5f3bcb8 wp-block-group-is-layout-constrained\">\n<h1 class=\"wp-block-heading has-text-align-center has-secondary-color has-text-color has-link-color wp-elements-756490fc59a20e8301033ae5b6e41338\">Informazioni sul progetto<\/h1>\n<\/div>\n<\/div><\/div>\n\n<\/div>\n<div class=\"main-container\">\n<div class=\"wp-block-group has-global-padding is-layout-constrained wp-container-core-group-is-layout-976ee8a1 wp-block-group-is-layout-constrained\">\n<p>Ciclovia Alpina-Mediterranea e questo sito web sono stati sviluppati nell&#8217;ambito del progetto Inter Bike III \u2013 Collegamento degli itinerari ciclabili dell&#8217;entroterra alle ciclovie Adriabike e Adrioncycletour, cofinanziato dall&#8217;Unione Europea nell&#8217;ambito del programma transfrontaliero Interreg VI-A Italia-Slovenia 2021-2027. Il progetto ha prodotto molti altri risultati per i ciclisti. Nell&#8217;estate del 2025 saranno sperimentati due servizi di trasporto per ciclisti tra Ajdov\u0161\u010dina e Cividale del Friuli, e tra la Valle del Vipacco e Predmeja, mentre sul versante italiano, nel Veneto Orientale, due nuove linee marittime vi porteranno lungo la Laguna di Caorle e il fiume Lemene. Siete inoltre invitati a percorrere l&#8217;itinerario di tre settimane da Kranjska Gora a Ravenna, realizzato nell&#8217;ambito dei due precedenti progetti Inter Bike e Inter Bike II. Sito web del progetto: <a href=\"https:\/\/www.ita-slo.eu\/it\/inter-bike-iii\" target=\"_blank\" rel=\"noopener\">INTER BIKE III | Intrerreg Italia-Slovenia<\/a>.<\/p>\n\n\n\n<h2 class=\"wp-block-heading has-text-align-left\">Un percorso con uno scopo<\/h2>\n\n\n\n<p class=\"has-text-align-left\">Fin dall&#8217;inizio, <a href=\"https:\/\/www.goodtrail.si\/\" target=\"_blank\" rel=\"noopener\">Goodtrail<\/a> \u2014 i creatori della Ciclovia Alpina-Mediterranea \u2014 sapevano che questo percorso doveva essere pi\u00f9 di una semplice linea su una mappa. Doveva riflettere il desiderio delle persone di esplorare l\u2019Italia, la Slovenia e la Croazia su due ruote; di vivere il mondo in modo pi\u00f9 consapevole e lento; e di connettersi profondamente con culture, villaggi, persone e paesaggi. Progettata per ciclisti di ogni livello \u2014 ideale sia per gravel bike che per e-bike \u2014 la ciclovia \u00e8 un corridoio culturale che unisce tranquille strade asfaltate, tratti in macadam e sentieri forestali in un\u2019autentica esperienza ciclistica.<\/p>\n\n\n\n<h3 class=\"wp-block-heading has-text-align-left\">Incontri culturali su due ruote<\/h3>\n\n\n\n<p class=\"has-text-align-left\">La Ciclovia Alpina-Mediterranea invita i viaggiatori attivi a scoprire questa regione diversificata di giorno e a godere del suo ricco patrimonio culinario e culturale di sera. Allo stesso tempo, incoraggia gli operatori turistici locali a sviluppare esperienze di viaggio uniche, basate sulla comunit\u00e0, che promuovano una forma di turismo pi\u00f9 responsabile e sostenibile. Perch\u00e9 la vera sostenibilit\u00e0 significa dare a ogni comunit\u00e0 lungo il percorso una voce \u2014 e un posto a tavola.<\/p>\n\n\n\n<h3 class=\"wp-block-heading has-text-align-left\">Unisciti al viaggio<\/h3>\n\n\n\n<p class=\"has-text-align-left\">Non vediamo l\u2019ora di vederti \u2014 e pedalare insieme a te \u2014 sulla Ciclovia Alpina-Mediterranea.<\/p>\n<\/div>\n\n\n\n<div class=\"wp-block-group has-global-padding is-layout-constrained wp-container-core-group-is-layout-73405a87 wp-block-group-is-layout-constrained\">\n<figure class=\"wp-block-image size-full\"><img loading=\"lazy\" decoding=\"async\" width=\"1920\" height=\"1280\" src=\"https:\/\/bikeroute.si\/wp-content\/uploads\/2025\/06\/02-alpina-mediterranean-cycle-route-about-the-project-local-cuisine.jpg\" alt=\"\" class=\"wp-image-2301\" srcset=\"https:\/\/bikeroute.si\/wp-content\/uploads\/2025\/06\/02-alpina-mediterranean-cycle-route-about-the-project-local-cuisine.jpg 1920w, https:\/\/bikeroute.si\/wp-content\/uploads\/2025\/06\/02-alpina-mediterranean-cycle-route-about-the-project-local-cuisine-300x200.jpg 300w, https:\/\/bikeroute.si\/wp-content\/uploads\/2025\/06\/02-alpina-mediterranean-cycle-route-about-the-project-local-cuisine-1024x683.jpg 1024w, https:\/\/bikeroute.si\/wp-content\/uploads\/2025\/06\/02-alpina-mediterranean-cycle-route-about-the-project-local-cuisine-768x512.jpg 768w, https:\/\/bikeroute.si\/wp-content\/uploads\/2025\/06\/02-alpina-mediterranean-cycle-route-about-the-project-local-cuisine-1536x1024.jpg 1536w\" sizes=\"auto, (max-width: 1920px) 100vw, 1920px\" \/><\/figure>\n<\/div>\n\n\n\n<div class=\"wp-block-group has-global-padding is-layout-constrained wp-container-core-group-is-layout-976ee8a1 wp-block-group-is-layout-constrained\">\n<p class=\"has-text-align-left\"><\/p>\n<\/div>\n<\/div>\n\n<div class=\"main-container no-end-spacing\">\n<div class=\"wp-block-cover\" style=\"min-height:650px;aspect-ratio:unset;\"><img loading=\"lazy\" decoding=\"async\" width=\"1920\" height=\"1280\" class=\"wp-block-cover__image-background wp-image-2264 size-full\" alt=\"\" src=\"https:\/\/bikeroute.si\/wp-content\/uploads\/2025\/06\/01-alpina-mediterranean-cycle-route-stages.jpg\" data-object-fit=\"cover\" srcset=\"https:\/\/bikeroute.si\/wp-content\/uploads\/2025\/06\/01-alpina-mediterranean-cycle-route-stages.jpg 1920w, https:\/\/bikeroute.si\/wp-content\/uploads\/2025\/06\/01-alpina-mediterranean-cycle-route-stages-300x200.jpg 300w, https:\/\/bikeroute.si\/wp-content\/uploads\/2025\/06\/01-alpina-mediterranean-cycle-route-stages-1024x683.jpg 1024w, https:\/\/bikeroute.si\/wp-content\/uploads\/2025\/06\/01-alpina-mediterranean-cycle-route-stages-768x512.jpg 768w, https:\/\/bikeroute.si\/wp-content\/uploads\/2025\/06\/01-alpina-mediterranean-cycle-route-stages-1536x1024.jpg 1536w\" sizes=\"auto, (max-width: 1920px) 100vw, 1920px\" \/><span aria-hidden=\"true\" class=\"wp-block-cover__background has-black-background-color has-background-dim-30 has-background-dim\"><\/span><div class=\"wp-block-cover__inner-container has-global-padding is-layout-constrained wp-container-core-cover-is-layout-f5f3bcb8 wp-block-cover-is-layout-constrained\">\n<h2 class=\"wp-block-heading has-text-align-center has-secondary-color has-text-color has-link-color has-xxx-large-font-size wp-elements-7f1508d0b334b9fb518f3b1ad49533e1\">Sei pronto per il percorso?<br\/>Scarica il pacchetto di navigazione.<\/h2>\n\n\n\n<div class=\"wp-block-buttons is-content-justification-center is-layout-flex wp-container-core-buttons-is-layout-a89b3969 wp-block-buttons-is-layout-flex\">\n<div class=\"wp-block-button is-style-outline is-style-outline--1\"><a class=\"wp-block-button__link has-secondary-color has-text-color has-link-color wp-element-button\" href=\"https:\/\/bikeroute.si\/it\/registration\/\">Pacchetto di navigazione<\/a><\/div>\n<\/div>\n<\/div><\/div>\n<\/div>\n\n<p><\/p>\n","protected":false},"excerpt":{"rendered":"<p>Ciclovia Alpina-Mediterranea e questo sito web sono stati sviluppati nell&#8217;ambito del progetto Inter Bike III \u2013 Collegamento degli itinerari ciclabili dell&#8217;entroterra alle ciclovie Adriabike e [&hellip;]<\/p>\n","protected":false},"author":1,"featured_media":0,"parent":0,"menu_order":0,"comment_status":"closed","ping_status":"closed","template":"","meta":{"_eb_attr":"","inline_featured_image":false,"footnotes":""},"class_list":["post-2032","page","type-page","status-publish","hentry"],"yoast_head":"<!-- This site is optimized with the Yoast SEO plugin v25.5 - https:\/\/yoast.com\/wordpress\/plugins\/seo\/ -->\n<title>Informazioni sul progetto - Alpina Mediterranean Cycle Route<\/title>\n<meta name=\"description\" content=\"Alpina Mediterranean Cycle Route Un percorso ciclistico che offre un viaggio lento e sostenibile tra Italia, Slovenia e Croazia, dove natura, cultura e comunit\u00e0 locali si incontrano.\" \/>\n<meta name=\"robots\" content=\"index, follow, max-snippet:-1, max-image-preview:large, max-video-preview:-1\" \/>\n<link rel=\"canonical\" href=\"https:\/\/bikeroute.si\/it\/about-project\/\" \/>\n<meta property=\"og:locale\" content=\"it_IT\" \/>\n<meta property=\"og:type\" content=\"article\" \/>\n<meta property=\"og:title\" content=\"Informazioni sul progetto - Alpina Mediterranean Cycle Route\" \/>\n<meta property=\"og:description\" content=\"Alpina Mediterranean Cycle Route Un percorso ciclistico che offre un viaggio lento e sostenibile tra Italia, Slovenia e Croazia, dove natura, cultura e comunit\u00e0 locali si incontrano.\" \/>\n<meta property=\"og:url\" content=\"https:\/\/bikeroute.si\/it\/about-project\/\" \/>\n<meta property=\"og:site_name\" content=\"Alpina Mediterranean Cycle Route\" \/>\n<meta property=\"article:modified_time\" content=\"2025-11-18T07:37:20+00:00\" \/>\n<meta property=\"og:image\" content=\"https:\/\/bikeroute.si\/wp-content\/uploads\/2025\/06\/02-alpina-mediterranean-cycle-route-about-the-project-local-cuisine.jpg\" \/>\n\t<meta property=\"og:image:width\" content=\"1920\" \/>\n\t<meta property=\"og:image:height\" content=\"1280\" \/>\n\t<meta property=\"og:image:type\" content=\"image\/jpeg\" \/>\n<meta name=\"twitter:card\" content=\"summary_large_image\" \/>\n<meta name=\"twitter:label1\" content=\"Tempo di lettura stimato\" \/>\n\t<meta name=\"twitter:data1\" content=\"2 minuti\" \/>\n<script type=\"application\/ld+json\" class=\"yoast-schema-graph\">{\"@context\":\"https:\/\/schema.org\",\"@graph\":[{\"@type\":\"WebPage\",\"@id\":\"https:\/\/bikeroute.si\/it\/about-project\/\",\"url\":\"https:\/\/bikeroute.si\/it\/about-project\/\",\"name\":\"Informazioni sul progetto - Alpina Mediterranean Cycle Route\",\"isPartOf\":{\"@id\":\"https:\/\/bikeroute.si\/#website\"},\"primaryImageOfPage\":{\"@id\":\"https:\/\/bikeroute.si\/it\/about-project\/#primaryimage\"},\"image\":{\"@id\":\"https:\/\/bikeroute.si\/it\/about-project\/#primaryimage\"},\"thumbnailUrl\":\"https:\/\/bikeroute.si\/wp-content\/uploads\/2025\/06\/02-alpina-mediterranean-cycle-route-about-the-project-local-cuisine.jpg\",\"datePublished\":\"2025-05-19T17:09:43+00:00\",\"dateModified\":\"2025-11-18T07:37:20+00:00\",\"description\":\"Alpina Mediterranean Cycle Route Un percorso ciclistico che offre un viaggio lento e sostenibile tra Italia, Slovenia e Croazia, dove natura, cultura e comunit\u00e0 locali si incontrano.\",\"breadcrumb\":{\"@id\":\"https:\/\/bikeroute.si\/it\/about-project\/#breadcrumb\"},\"inLanguage\":\"it-IT\",\"potentialAction\":[{\"@type\":\"ReadAction\",\"target\":[\"https:\/\/bikeroute.si\/it\/about-project\/\"]}]},{\"@type\":\"ImageObject\",\"inLanguage\":\"it-IT\",\"@id\":\"https:\/\/bikeroute.si\/it\/about-project\/#primaryimage\",\"url\":\"https:\/\/bikeroute.si\/wp-content\/uploads\/2025\/06\/02-alpina-mediterranean-cycle-route-about-the-project-local-cuisine.jpg\",\"contentUrl\":\"https:\/\/bikeroute.si\/wp-content\/uploads\/2025\/06\/02-alpina-mediterranean-cycle-route-about-the-project-local-cuisine.jpg\"},{\"@type\":\"BreadcrumbList\",\"@id\":\"https:\/\/bikeroute.si\/it\/about-project\/#breadcrumb\",\"itemListElement\":[{\"@type\":\"ListItem\",\"position\":1,\"name\":\"Home\",\"item\":\"https:\/\/bikeroute.si\/it\/\"},{\"@type\":\"ListItem\",\"position\":2,\"name\":\"Informazioni sul progetto\"}]},{\"@type\":\"WebSite\",\"@id\":\"https:\/\/bikeroute.si\/#website\",\"url\":\"https:\/\/bikeroute.si\/\",\"name\":\"Alpina Mediterranean Cycle Route\",\"description\":\"A connection between cultures and adventure\",\"potentialAction\":[{\"@type\":\"SearchAction\",\"target\":{\"@type\":\"EntryPoint\",\"urlTemplate\":\"https:\/\/bikeroute.si\/?s={search_term_string}\"},\"query-input\":{\"@type\":\"PropertyValueSpecification\",\"valueRequired\":true,\"valueName\":\"search_term_string\"}}],\"inLanguage\":\"it-IT\"}]}<\/script>\n<!-- \/ Yoast SEO plugin. -->","yoast_head_json":{"title":"Informazioni sul progetto - Alpina Mediterranean Cycle Route","description":"Alpina Mediterranean Cycle Route Un percorso ciclistico che offre un viaggio lento e sostenibile tra Italia, Slovenia e Croazia, dove natura, cultura e comunit\u00e0 locali si incontrano.","robots":{"index":"index","follow":"follow","max-snippet":"max-snippet:-1","max-image-preview":"max-image-preview:large","max-video-preview":"max-video-preview:-1"},"canonical":"https:\/\/bikeroute.si\/it\/about-project\/","og_locale":"it_IT","og_type":"article","og_title":"Informazioni sul progetto - Alpina Mediterranean Cycle Route","og_description":"Alpina Mediterranean Cycle Route Un percorso ciclistico che offre un viaggio lento e sostenibile tra Italia, Slovenia e Croazia, dove natura, cultura e comunit\u00e0 locali si incontrano.","og_url":"https:\/\/bikeroute.si\/it\/about-project\/","og_site_name":"Alpina Mediterranean Cycle Route","article_modified_time":"2025-11-18T07:37:20+00:00","og_image":[{"width":1920,"height":1280,"url":"https:\/\/bikeroute.si\/wp-content\/uploads\/2025\/06\/02-alpina-mediterranean-cycle-route-about-the-project-local-cuisine.jpg","type":"image\/jpeg"}],"twitter_card":"summary_large_image","twitter_misc":{"Tempo di lettura stimato":"2 minuti"},"schema":{"@context":"https:\/\/schema.org","@graph":[{"@type":"WebPage","@id":"https:\/\/bikeroute.si\/it\/about-project\/","url":"https:\/\/bikeroute.si\/it\/about-project\/","name":"Informazioni sul progetto - Alpina Mediterranean Cycle Route","isPartOf":{"@id":"https:\/\/bikeroute.si\/#website"},"primaryImageOfPage":{"@id":"https:\/\/bikeroute.si\/it\/about-project\/#primaryimage"},"image":{"@id":"https:\/\/bikeroute.si\/it\/about-project\/#primaryimage"},"thumbnailUrl":"https:\/\/bikeroute.si\/wp-content\/uploads\/2025\/06\/02-alpina-mediterranean-cycle-route-about-the-project-local-cuisine.jpg","datePublished":"2025-05-19T17:09:43+00:00","dateModified":"2025-11-18T07:37:20+00:00","description":"Alpina Mediterranean Cycle Route Un percorso ciclistico che offre un viaggio lento e sostenibile tra Italia, Slovenia e Croazia, dove natura, cultura e comunit\u00e0 locali si incontrano.","breadcrumb":{"@id":"https:\/\/bikeroute.si\/it\/about-project\/#breadcrumb"},"inLanguage":"it-IT","potentialAction":[{"@type":"ReadAction","target":["https:\/\/bikeroute.si\/it\/about-project\/"]}]},{"@type":"ImageObject","inLanguage":"it-IT","@id":"https:\/\/bikeroute.si\/it\/about-project\/#primaryimage","url":"https:\/\/bikeroute.si\/wp-content\/uploads\/2025\/06\/02-alpina-mediterranean-cycle-route-about-the-project-local-cuisine.jpg","contentUrl":"https:\/\/bikeroute.si\/wp-content\/uploads\/2025\/06\/02-alpina-mediterranean-cycle-route-about-the-project-local-cuisine.jpg"},{"@type":"BreadcrumbList","@id":"https:\/\/bikeroute.si\/it\/about-project\/#breadcrumb","itemListElement":[{"@type":"ListItem","position":1,"name":"Home","item":"https:\/\/bikeroute.si\/it\/"},{"@type":"ListItem","position":2,"name":"Informazioni sul progetto"}]},{"@type":"WebSite","@id":"https:\/\/bikeroute.si\/#website","url":"https:\/\/bikeroute.si\/","name":"Alpina Mediterranean Cycle Route","description":"A connection between cultures and adventure","potentialAction":[{"@type":"SearchAction","target":{"@type":"EntryPoint","urlTemplate":"https:\/\/bikeroute.si\/?s={search_term_string}"},"query-input":{"@type":"PropertyValueSpecification","valueRequired":true,"valueName":"search_term_string"}}],"inLanguage":"it-IT"}]}},"_links":{"self":[{"href":"https:\/\/bikeroute.si\/it\/wp-json\/wp\/v2\/pages\/2032","targetHints":{"allow":["GET"]}}],"collection":[{"href":"https:\/\/bikeroute.si\/it\/wp-json\/wp\/v2\/pages"}],"about":[{"href":"https:\/\/bikeroute.si\/it\/wp-json\/wp\/v2\/types\/page"}],"author":[{"embeddable":true,"href":"https:\/\/bikeroute.si\/it\/wp-json\/wp\/v2\/users\/1"}],"replies":[{"embeddable":true,"href":"https:\/\/bikeroute.si\/it\/wp-json\/wp\/v2\/comments?post=2032"}],"version-history":[{"count":4,"href":"https:\/\/bikeroute.si\/it\/wp-json\/wp\/v2\/pages\/2032\/revisions"}],"predecessor-version":[{"id":2607,"href":"https:\/\/bikeroute.si\/it\/wp-json\/wp\/v2\/pages\/2032\/revisions\/2607"}],"wp:attachment":[{"href":"https:\/\/bikeroute.si\/it\/wp-json\/wp\/v2\/media?parent=2032"}],"curies":[{"name":"wp","href":"https:\/\/api.w.org\/{rel}","templated":true}]}}